{"id":1136,"date":"2021-05-24T14:12:40","date_gmt":"2021-05-24T12:12:40","guid":{"rendered":"https:\/\/transpharma-international.com\/air\/"},"modified":"2025-03-03T21:38:44","modified_gmt":"2025-03-03T20:38:44","slug":"luftfracht-pharma-healthcare","status":"publish","type":"page","link":"https:\/\/transpharma-international.com\/de\/luftfracht-pharma-healthcare\/","title":{"rendered":"Luftfracht f\u00fcr Pharma und Healthcare"},"content":{"rendered":"<div id=\"about\" class=\"fusion-container-anchor\"><div class=\"fusion-fullwidth fullwidth-box fusion-builder-row-1 fusion-flex-container nonhundred-percent-fullwidth non-hundred-percent-height-scrolling\" style=\"--awb-border-radius-top-left:0px;--awb-border-radius-top-right:0px;--awb-border-radius-bottom-right:0px;--awb-border-radius-bottom-left:0px;--awb-flex-wrap:wrap;\" ><div class=\"fusion-builder-row fusion-row fusion-flex-align-items-stretch fusion-flex-content-wrap\" style=\"max-width:1248px;margin-left: calc(-4% \/ 2 );margin-right: calc(-4% \/ 2 );\"><div class=\"fusion-layout-column fusion_builder_column fusion-builder-column-0 fusion_builder_column_1_1 1_1 fusion-flex-column\" style=\"--awb-bg-size:cover;--awb-width-large:100%;--awb-margin-top-large:0px;--awb-spacing-right-large:1.92%;--awb-margin-bottom-large:20px;--awb-spacing-left-large:1.92%;--awb-width-medium:100%;--awb-order-medium:0;--awb-spacing-right-medium:1.92%;--awb-spacing-left-medium:1.92%;--awb-width-small:100%;--awb-order-small:0;--awb-spacing-right-small:1.92%;--awb-spacing-left-small:1.92%;\"><div class=\"fusion-column-wrapper fusion-column-has-shadow fusion-flex-justify-content-flex-start fusion-content-layout-column\"><nav class=\"fusion-breadcrumbs awb-yoast-breadcrumbs fusion-breadcrumbs-1 arianne\" style=\"--awb-breadcrumb-sep:&#039;\/&#039;;\" aria-label=\"Breadcrumb\"><span><span><a href=\"https:\/\/transpharma-international.com\/de\/\">Home<\/a><\/span><\/span><\/nav><\/div><\/div><div class=\"fusion-layout-column fusion_builder_column fusion-builder-column-1 fusion_builder_column_1_2 1_2 fusion-flex-column fusion-flex-align-self-center\" style=\"--awb-bg-size:cover;--awb-width-large:50%;--awb-margin-top-large:0px;--awb-spacing-right-large:3.84%;--awb-margin-bottom-large:20px;--awb-spacing-left-large:3.84%;--awb-width-medium:50%;--awb-order-medium:0;--awb-spacing-right-medium:3.84%;--awb-spacing-left-medium:3.84%;--awb-width-small:100%;--awb-order-small:0;--awb-spacing-right-small:1.92%;--awb-spacing-left-small:1.92%;\"><div class=\"fusion-column-wrapper fusion-column-has-shadow fusion-flex-justify-content-flex-start fusion-content-layout-column\"><div class=\"fusion-title title fusion-title-1 fusion-sep-none fusion-title-center fusion-title-text fusion-title-size-one\"><h1 class=\"fusion-title-heading title-heading-center fusion-responsive-typography-calculated\" style=\"margin:0;--fontSize:44;line-height:1.16;\">Luftfracht f\u00fcr Pharma und Healthcare<\/h1><\/div><\/div><\/div><div class=\"fusion-layout-column fusion_builder_column fusion-builder-column-2 fusion_builder_column_1_2 1_2 fusion-flex-column\" style=\"--awb-bg-size:cover;--awb-width-large:50%;--awb-margin-top-large:0px;--awb-spacing-right-large:3.84%;--awb-margin-bottom-large:20px;--awb-spacing-left-large:3.84%;--awb-width-medium:50%;--awb-order-medium:0;--awb-spacing-right-medium:3.84%;--awb-spacing-left-medium:3.84%;--awb-width-small:100%;--awb-order-small:0;--awb-spacing-right-small:1.92%;--awb-spacing-left-small:1.92%;\"><div class=\"fusion-column-wrapper fusion-column-has-shadow fusion-flex-justify-content-flex-start fusion-content-layout-column\"><div class=\"fusion-reading-box-container reading-box-container-1\" style=\"--awb-title-color:#009e59;--awb-margin-top:0px;--awb-margin-bottom:20px;\"><div class=\"reading-box\" style=\"background-color:#f9f9fb;border-width:1px;border-color:rgba(226,226,226,0);border-left-width:3px;border-left-color:var(--primary_color);border-style:solid;\"><div class=\"reading-box-description\">Luftfracht ist eine sichere und schnelle M\u00f6glichkeit, Ihre internationalen Sendungen zu bef\u00f6rdern. Mit unserem globalen Netzwerk an Luftfrachtpartnern haben wir die passenden L\u00f6sungen entwickelt, um den Bed\u00fcrfnissen der Gesundheits- und Pharmabranche gerecht zu werden. Verlassen Sie sich auf uns, wenn es darum geht, Ihre Supply Chain mit den wichtigen Beschaffungs- und Absatzm\u00e4rkten per Luftfracht zu verbinden!<\/div><div class=\"fusion-clearfix\"><\/div><\/div><\/div><\/div><\/div><div class=\"fusion-layout-column fusion_builder_column fusion-builder-column-3 fusion_builder_column_3_5 3_5 fusion-flex-column\" style=\"--awb-bg-size:cover;--awb-width-large:60%;--awb-margin-top-large:0px;--awb-spacing-right-large:3.2%;--awb-margin-bottom-large:20px;--awb-spacing-left-large:3.2%;--awb-width-medium:60%;--awb-order-medium:0;--awb-spacing-right-medium:3.2%;--awb-spacing-left-medium:3.2%;--awb-width-small:100%;--awb-order-small:0;--awb-spacing-right-small:1.92%;--awb-spacing-left-small:1.92%;\"><div class=\"fusion-column-wrapper fusion-column-has-shadow fusion-flex-justify-content-flex-start fusion-content-layout-column\"><div class=\"fusion-text fusion-text-1\"><p>Temperaturgef\u00fchrte Luftfracht<\/p>\n<p>Wir bieten Ihnen die Bef\u00f6rderung Ihrer Luftfrachtsendung unter temperaturgef\u00fchrten Bedingungen, sowohl mit aktiven als auch mit passiven Verpackungsl\u00f6sungen, welche f\u00fcr Ihre spezifischen Produktanforderungen entwickelt wurden, an. Hierbei decken wir alle g\u00e4ngigen Temperaturbereiche von \u201320 \u00b0C \u00fcber 2\u20138 \u00b0C bis hin zu 15\u201325 \u00b0C ab.<\/p>\n<\/div><\/div><\/div><div class=\"fusion-layout-column fusion_builder_column fusion-builder-column-4 fusion_builder_column_2_5 2_5 fusion-flex-column background-contain\" style=\"--awb-bg-position:center center;--awb-bg-size:cover;--awb-width-large:40%;--awb-margin-top-large:0px;--awb-spacing-right-large:4.8%;--awb-margin-bottom-large:20px;--awb-spacing-left-large:4.8%;--awb-width-medium:40%;--awb-order-medium:0;--awb-spacing-right-medium:4.8%;--awb-spacing-left-medium:4.8%;--awb-width-small:100%;--awb-order-small:0;--awb-spacing-right-small:1.92%;--awb-spacing-left-small:1.92%;\"><div class=\"fusion-column-wrapper fusion-column-has-shadow fusion-flex-justify-content-flex-start fusion-content-layout-column\"><div class=\"fusion-image-carousel fusion-image-carousel-auto fusion-image-carousel-1 fusion-carousel-border\"><div class=\"awb-carousel awb-swiper awb-swiper-carousel awb-carousel--carousel awb-swiper-dots-position-bottom\" data-layout=\"carousel\" data-autoplay=\"no\" data-autoplayspeed=\"2500\" data-autoplaypause=\"no\" data-columns=\"1\" data-columnsmedium=\"1\" data-columnssmall=\"1\" data-itemmargin=\"13\" data-itemwidth=\"180\" data-touchscroll=\"no\" data-freemode=\"no\" data-imagesize=\"auto\" data-scrollitems=\"0\" data-centeredslides=\"no\" data-rotationangle=\"50\" data-depth=\"100\" data-speed=\"500\" data-shadow=\"no\" data-pagination=\"bullets\" style=\"--awb-columns:1;--awb-border-width:1px;--awb-border-color:#e9eaee;\"><div class=\"swiper-wrapper awb-image-carousel-wrapper fusion-flex-align-items-center\"><div class=\"swiper-slide\"><div class=\"fusion-carousel-item-wrapper\"><div class=\"fusion-image-wrapper hover-type-none\"><img decoding=\"async\" width=\"1000\" height=\"875\" src=\"https:\/\/transpharma-international.com\/wp-content\/uploads\/2021\/06\/temperature-controlled-air-freight.jpg\" class=\"attachment-full size-full\" alt=\"temperature controlled air freight container\" srcset=\"https:\/\/transpharma-international.com\/wp-content\/uploads\/2021\/06\/temperature-controlled-air-freight-200x175.jpg 200w, https:\/\/transpharma-international.com\/wp-content\/uploads\/2021\/06\/temperature-controlled-air-freight-300x263.jpg 300w, https:\/\/transpharma-international.com\/wp-content\/uploads\/2021\/06\/temperature-controlled-air-freight-400x350.jpg 400w, https:\/\/transpharma-international.com\/wp-content\/uploads\/2021\/06\/temperature-controlled-air-freight-600x525.jpg 600w, https:\/\/transpharma-international.com\/wp-content\/uploads\/2021\/06\/temperature-controlled-air-freight-768x672.jpg 768w, https:\/\/transpharma-international.com\/wp-content\/uploads\/2021\/06\/temperature-controlled-air-freight-800x700.jpg 800w, https:\/\/transpharma-international.com\/wp-content\/uploads\/2021\/06\/temperature-controlled-air-freight.jpg 1000w\" sizes=\"(max-width: 1000px) 100vw, 1000px\" \/><\/div><\/div><\/div><div class=\"swiper-slide\"><div class=\"fusion-carousel-item-wrapper\"><div class=\"fusion-image-wrapper hover-type-none\"><img decoding=\"async\" width=\"1701\" height=\"1789\" src=\"https:\/\/transpharma-international.com\/wp-content\/uploads\/2021\/06\/passive-shipper.png\" class=\"attachment-full size-full\" alt=\"passive shipper air freight box\" srcset=\"https:\/\/transpharma-international.com\/wp-content\/uploads\/2021\/06\/passive-shipper-200x210.png 200w, https:\/\/transpharma-international.com\/wp-content\/uploads\/2021\/06\/passive-shipper-285x300.png 285w, https:\/\/transpharma-international.com\/wp-content\/uploads\/2021\/06\/passive-shipper-400x421.png 400w, https:\/\/transpharma-international.com\/wp-content\/uploads\/2021\/06\/passive-shipper-600x631.png 600w, https:\/\/transpharma-international.com\/wp-content\/uploads\/2021\/06\/passive-shipper-768x808.png 768w, https:\/\/transpharma-international.com\/wp-content\/uploads\/2021\/06\/passive-shipper-800x841.png 800w, https:\/\/transpharma-international.com\/wp-content\/uploads\/2021\/06\/passive-shipper-974x1024.png 974w, https:\/\/transpharma-international.com\/wp-content\/uploads\/2021\/06\/passive-shipper-1200x1262.png 1200w, https:\/\/transpharma-international.com\/wp-content\/uploads\/2021\/06\/passive-shipper-1460x1536.png 1460w, https:\/\/transpharma-international.com\/wp-content\/uploads\/2021\/06\/passive-shipper.png 1701w\" sizes=\"(max-width: 1701px) 100vw, 1701px\" \/><\/div><\/div><\/div><\/div><div class=\"awb-swiper-button awb-swiper-button-prev\"><i class=\"awb-icon-angle-left\" aria-hidden=\"true\"><\/i><\/div><div class=\"awb-swiper-button awb-swiper-button-next\"><i class=\"awb-icon-angle-right\" aria-hidden=\"true\"><\/i><\/div><\/div><\/div><\/div><\/div><div class=\"fusion-layout-column fusion_builder_column fusion-builder-column-5 fusion_builder_column_1_1 1_1 fusion-flex-column\" style=\"--awb-bg-size:cover;--awb-width-large:100%;--awb-margin-top-large:0px;--awb-spacing-right-large:1.92%;--awb-margin-bottom-large:20px;--awb-spacing-left-large:1.92%;--awb-width-medium:100%;--awb-order-medium:0;--awb-spacing-right-medium:1.92%;--awb-spacing-left-medium:1.92%;--awb-width-small:100%;--awb-order-small:0;--awb-spacing-right-small:1.92%;--awb-spacing-left-small:1.92%;\"><div class=\"fusion-column-wrapper fusion-column-has-shadow fusion-flex-justify-content-flex-start fusion-content-layout-column\"><div class=\"fusion-text fusion-text-2\"><h3>Ma\u00dfgeschneiderte L\u00f6sungen<\/h3>\n<p>Bei Transpharma International sind wir stets bestrebt, Ihre gesch\u00e4ftlichen Vorgaben zu erf\u00fcllen. Wir sind uns bewusst, dass jede Versorgungskette im Gesundheitsbereich ihre eigenen Anforderungen hat. Deshalb passen wir unsere Prozesse fortw\u00e4hrend an, um den Bed\u00fcrfnissen jedes Kunden bestm\u00f6glich gerecht zu werden, ohne dabei die Vorgaben der guten Distributionspraxis zu vernachl\u00e4ssigen.<\/p>\n<\/div><\/div><\/div><div class=\"fusion-layout-column fusion_builder_column fusion-builder-column-6 fusion_builder_column_1_3 1_3 fusion-flex-column\" style=\"--awb-bg-image:url(&#039;https:\/\/transpharma-international.com\/wp-content\/uploads\/2021\/06\/transpharma-international-track-and-trace.jpg&#039;);--awb-bg-size:cover;--awb-width-large:33.333333333333%;--awb-margin-top-large:0px;--awb-spacing-right-large:5.76%;--awb-margin-bottom-large:20px;--awb-spacing-left-large:5.76%;--awb-width-medium:33.333333333333%;--awb-order-medium:0;--awb-spacing-right-medium:5.76%;--awb-spacing-left-medium:5.76%;--awb-width-small:100%;--awb-order-small:0;--awb-spacing-right-small:1.92%;--awb-spacing-left-small:1.92%;\"><div class=\"fusion-column-wrapper fusion-column-has-shadow fusion-flex-justify-content-flex-start fusion-content-layout-column fusion-empty-column-bg-image fusion-column-has-bg-image\" data-bg-url=\"https:\/\/transpharma-international.com\/wp-content\/uploads\/2021\/06\/transpharma-international-track-and-trace.jpg\"><img decoding=\"async\" class=\"fusion-empty-dims-img-placeholder fusion-no-large-visibility fusion-no-medium-visibility\" aria-label=\"transpharma international track and trace\" src=\"data:image\/svg+xml,%3Csvg%20xmlns%3D%27http%3A%2F%2Fwww.w3.org%2F2000%2Fsvg%27%20width%3D%271000%27%20height%3D%27667%27%20viewBox%3D%270%200%201000%20667%27%3E%3Crect%20width%3D%271000%27%20height%3D%27667%27%20fill-opacity%3D%220%22%2F%3E%3C%2Fsvg%3E\"><\/div><\/div><div class=\"fusion-layout-column fusion_builder_column fusion-builder-column-7 fusion_builder_column_3_5 3_5 fusion-flex-column\" style=\"--awb-bg-size:cover;--awb-width-large:60%;--awb-margin-top-large:0px;--awb-spacing-right-large:3.2%;--awb-margin-bottom-large:20px;--awb-spacing-left-large:3.2%;--awb-width-medium:60%;--awb-order-medium:0;--awb-spacing-right-medium:3.2%;--awb-spacing-left-medium:3.2%;--awb-width-small:100%;--awb-order-small:0;--awb-spacing-right-small:1.92%;--awb-spacing-left-small:1.92%;\"><div class=\"fusion-column-wrapper fusion-column-has-shadow fusion-flex-justify-content-flex-start fusion-content-layout-column\"><div class=\"fusion-text fusion-text-3\"><p>Volle Transparenz und Sicherheit<\/p>\n<p>Wir \u00fcberwachen st\u00e4ndig den Status sowie auch das Handling Ihrer Sendung an den unterschiedlichen Umschlagspunkten in der Lieferkette. Bei eventuellen Verz\u00f6gerungen oder Abweichungen sind unsere Teams zur Stelle, um alle Beteiligten umgehend zu informieren und eventuelle Ma\u00dfnahmen schnell und effizient in die Wege zu leiten. Ihrem Team wird somit erm\u00f6glicht, die eigenen Aufgaben konsequent zu priorisieren und Transpharma International die Verantwortung f\u00fcr eine p\u00fcnktliche und sichere Zustellung beim Empf\u00e4nger zu \u00fcberlassen.<\/p>\n<\/div><\/div><\/div><div class=\"fusion-layout-column fusion_builder_column fusion-builder-column-8 fusion_builder_column_1_1 1_1 fusion-flex-column\" style=\"--awb-bg-size:cover;--awb-width-large:100%;--awb-margin-top-large:0px;--awb-spacing-right-large:1.92%;--awb-margin-bottom-large:20px;--awb-spacing-left-large:1.92%;--awb-width-medium:100%;--awb-order-medium:0;--awb-spacing-right-medium:1.92%;--awb-spacing-left-medium:1.92%;--awb-width-small:100%;--awb-order-small:0;--awb-spacing-right-small:1.92%;--awb-spacing-left-small:1.92%;\"><div class=\"fusion-column-wrapper fusion-column-has-shadow fusion-flex-justify-content-flex-start fusion-content-layout-column\"><div style=\"text-align:center;\"><a class=\"fusion-button button-3d fusion-button-default-size button-default fusion-button-default button-1 fusion-button-default-span requestQuoteButton\" target=\"_self\" href=\"https:\/\/transpharma-international.com\/contact\/\"><span class=\"fusion-button-text awb-button__text awb-button__text--default\">Angebot &amp; weitere Informationen anfordern<\/span><\/a><\/div><\/div><\/div><\/div><\/div><\/div>\n","protected":false},"excerpt":{"rendered":"","protected":false},"author":1,"featured_media":0,"parent":0,"menu_order":0,"comment_status":"closed","ping_status":"closed","template":"","meta":{"footnotes":""},"class_list":["post-1136","page","type-page","status-publish","hentry"],"yoast_head":"<!-- This site is optimized with the Yoast SEO plugin v27.3 - https:\/\/yoast.com\/product\/yoast-seo-wordpress\/ -->\n<title>Luftfracht f\u00fcr Pharma und Healthcare &#8211; Transpharma International<\/title>\n<meta name=\"description\" content=\"Air freight is a safe and fast way to transport your international shipments. Allow us to connect you to your key supply and distribution markets by air!\" \/>\n<meta name=\"robots\" content=\"index, follow, max-snippet:-1, max-image-preview:large, max-video-preview:-1\" \/>\n<link rel=\"canonical\" href=\"https:\/\/transpharma-international.com\/de\/luftfracht-pharma-healthcare\/\" \/>\n<meta property=\"og:locale\" content=\"de_DE\" \/>\n<meta property=\"og:type\" content=\"article\" \/>\n<meta property=\"og:title\" content=\"Luftfracht f\u00fcr Pharma und Healthcare &#8211; Transpharma International\" \/>\n<meta property=\"og:description\" content=\"Air freight is a safe and fast way to transport your international shipments. Allow us to connect you to your key supply and distribution markets by air!\" \/>\n<meta property=\"og:url\" content=\"https:\/\/transpharma-international.com\/de\/luftfracht-pharma-healthcare\/\" \/>\n<meta property=\"og:site_name\" content=\"Transpharma International\" \/>\n<meta property=\"article:modified_time\" content=\"2025-03-03T20:38:44+00:00\" \/>\n<meta name=\"twitter:card\" content=\"summary_large_image\" \/>\n<meta name=\"twitter:label1\" content=\"Gesch\u00e4tzte Lesezeit\" \/>\n\t<meta name=\"twitter:data1\" content=\"6\u00a0Minuten\" \/>\n<script type=\"application\/ld+json\" class=\"yoast-schema-graph\">{\"@context\":\"https:\\\/\\\/schema.org\",\"@graph\":[{\"@type\":\"WebPage\",\"@id\":\"https:\\\/\\\/transpharma-international.com\\\/de\\\/luftfracht-pharma-healthcare\\\/\",\"url\":\"https:\\\/\\\/transpharma-international.com\\\/de\\\/luftfracht-pharma-healthcare\\\/\",\"name\":\"Luftfracht f\u00fcr Pharma und Healthcare &#8211; Transpharma International\",\"isPartOf\":{\"@id\":\"https:\\\/\\\/transpharma-international.com\\\/#website\"},\"datePublished\":\"2021-05-24T12:12:40+00:00\",\"dateModified\":\"2025-03-03T20:38:44+00:00\",\"description\":\"Air freight is a safe and fast way to transport your international shipments. Allow us to connect you to your key supply and distribution markets by air!\",\"breadcrumb\":{\"@id\":\"https:\\\/\\\/transpharma-international.com\\\/de\\\/luftfracht-pharma-healthcare\\\/#breadcrumb\"},\"inLanguage\":\"de\",\"potentialAction\":[{\"@type\":\"ReadAction\",\"target\":[\"https:\\\/\\\/transpharma-international.com\\\/de\\\/luftfracht-pharma-healthcare\\\/\"]}]},{\"@type\":\"BreadcrumbList\",\"@id\":\"https:\\\/\\\/transpharma-international.com\\\/de\\\/luftfracht-pharma-healthcare\\\/#breadcrumb\",\"itemListElement\":[{\"@type\":\"ListItem\",\"position\":1,\"name\":\"Home\",\"item\":\"https:\\\/\\\/transpharma-international.com\\\/de\\\/\"},{\"@type\":\"ListItem\",\"position\":2,\"name\":\"Luftfracht f\u00fcr Pharma und Healthcare\"}]},{\"@type\":\"WebSite\",\"@id\":\"https:\\\/\\\/transpharma-international.com\\\/#website\",\"url\":\"https:\\\/\\\/transpharma-international.com\\\/\",\"name\":\"Transpharma International\",\"description\":\"Healthcare Freight Solutions\",\"publisher\":{\"@id\":\"https:\\\/\\\/transpharma-international.com\\\/#organization\"},\"potentialAction\":[{\"@type\":\"SearchAction\",\"target\":{\"@type\":\"EntryPoint\",\"urlTemplate\":\"https:\\\/\\\/transpharma-international.com\\\/?s={search_term_string}\"},\"query-input\":{\"@type\":\"PropertyValueSpecification\",\"valueRequired\":true,\"valueName\":\"search_term_string\"}}],\"inLanguage\":\"de\"},{\"@type\":\"Organization\",\"@id\":\"https:\\\/\\\/transpharma-international.com\\\/#organization\",\"name\":\"Transpharma International\",\"url\":\"https:\\\/\\\/transpharma-international.com\\\/\",\"logo\":{\"@type\":\"ImageObject\",\"inLanguage\":\"de\",\"@id\":\"https:\\\/\\\/transpharma-international.com\\\/#\\\/schema\\\/logo\\\/image\\\/\",\"url\":\"https:\\\/\\\/transpharma-international.com\\\/wp-content\\\/uploads\\\/2021\\\/06\\\/TRANSPHARMAINTER_LOGO_squarex600.png\",\"contentUrl\":\"https:\\\/\\\/transpharma-international.com\\\/wp-content\\\/uploads\\\/2021\\\/06\\\/TRANSPHARMAINTER_LOGO_squarex600.png\",\"width\":600,\"height\":146,\"caption\":\"Transpharma International\"},\"image\":{\"@id\":\"https:\\\/\\\/transpharma-international.com\\\/#\\\/schema\\\/logo\\\/image\\\/\"},\"sameAs\":[\"https:\\\/\\\/www.linkedin.com\\\/company\\\/prima-transport\\\/\"]}]}<\/script>\n<!-- \/ Yoast SEO plugin. -->","yoast_head_json":{"title":"Luftfracht f\u00fcr Pharma und Healthcare &#8211; Transpharma International","description":"Air freight is a safe and fast way to transport your international shipments. Allow us to connect you to your key supply and distribution markets by air!","robots":{"index":"index","follow":"follow","max-snippet":"max-snippet:-1","max-image-preview":"max-image-preview:large","max-video-preview":"max-video-preview:-1"},"canonical":"https:\/\/transpharma-international.com\/de\/luftfracht-pharma-healthcare\/","og_locale":"de_DE","og_type":"article","og_title":"Luftfracht f\u00fcr Pharma und Healthcare &#8211; Transpharma International","og_description":"Air freight is a safe and fast way to transport your international shipments. Allow us to connect you to your key supply and distribution markets by air!","og_url":"https:\/\/transpharma-international.com\/de\/luftfracht-pharma-healthcare\/","og_site_name":"Transpharma International","article_modified_time":"2025-03-03T20:38:44+00:00","twitter_card":"summary_large_image","twitter_misc":{"Gesch\u00e4tzte Lesezeit":"6\u00a0Minuten"},"schema":{"@context":"https:\/\/schema.org","@graph":[{"@type":"WebPage","@id":"https:\/\/transpharma-international.com\/de\/luftfracht-pharma-healthcare\/","url":"https:\/\/transpharma-international.com\/de\/luftfracht-pharma-healthcare\/","name":"Luftfracht f\u00fcr Pharma und Healthcare &#8211; Transpharma International","isPartOf":{"@id":"https:\/\/transpharma-international.com\/#website"},"datePublished":"2021-05-24T12:12:40+00:00","dateModified":"2025-03-03T20:38:44+00:00","description":"Air freight is a safe and fast way to transport your international shipments. Allow us to connect you to your key supply and distribution markets by air!","breadcrumb":{"@id":"https:\/\/transpharma-international.com\/de\/luftfracht-pharma-healthcare\/#breadcrumb"},"inLanguage":"de","potentialAction":[{"@type":"ReadAction","target":["https:\/\/transpharma-international.com\/de\/luftfracht-pharma-healthcare\/"]}]},{"@type":"BreadcrumbList","@id":"https:\/\/transpharma-international.com\/de\/luftfracht-pharma-healthcare\/#breadcrumb","itemListElement":[{"@type":"ListItem","position":1,"name":"Home","item":"https:\/\/transpharma-international.com\/de\/"},{"@type":"ListItem","position":2,"name":"Luftfracht f\u00fcr Pharma und Healthcare"}]},{"@type":"WebSite","@id":"https:\/\/transpharma-international.com\/#website","url":"https:\/\/transpharma-international.com\/","name":"Transpharma International","description":"Healthcare Freight Solutions","publisher":{"@id":"https:\/\/transpharma-international.com\/#organization"},"potentialAction":[{"@type":"SearchAction","target":{"@type":"EntryPoint","urlTemplate":"https:\/\/transpharma-international.com\/?s={search_term_string}"},"query-input":{"@type":"PropertyValueSpecification","valueRequired":true,"valueName":"search_term_string"}}],"inLanguage":"de"},{"@type":"Organization","@id":"https:\/\/transpharma-international.com\/#organization","name":"Transpharma International","url":"https:\/\/transpharma-international.com\/","logo":{"@type":"ImageObject","inLanguage":"de","@id":"https:\/\/transpharma-international.com\/#\/schema\/logo\/image\/","url":"https:\/\/transpharma-international.com\/wp-content\/uploads\/2021\/06\/TRANSPHARMAINTER_LOGO_squarex600.png","contentUrl":"https:\/\/transpharma-international.com\/wp-content\/uploads\/2021\/06\/TRANSPHARMAINTER_LOGO_squarex600.png","width":600,"height":146,"caption":"Transpharma International"},"image":{"@id":"https:\/\/transpharma-international.com\/#\/schema\/logo\/image\/"},"sameAs":["https:\/\/www.linkedin.com\/company\/prima-transport\/"]}]}},"_links":{"self":[{"href":"https:\/\/transpharma-international.com\/de\/wp-json\/wp\/v2\/pages\/1136","targetHints":{"allow":["GET"]}}],"collection":[{"href":"https:\/\/transpharma-international.com\/de\/wp-json\/wp\/v2\/pages"}],"about":[{"href":"https:\/\/transpharma-international.com\/de\/wp-json\/wp\/v2\/types\/page"}],"author":[{"embeddable":true,"href":"https:\/\/transpharma-international.com\/de\/wp-json\/wp\/v2\/users\/1"}],"replies":[{"embeddable":true,"href":"https:\/\/transpharma-international.com\/de\/wp-json\/wp\/v2\/comments?post=1136"}],"version-history":[{"count":7,"href":"https:\/\/transpharma-international.com\/de\/wp-json\/wp\/v2\/pages\/1136\/revisions"}],"predecessor-version":[{"id":2278,"href":"https:\/\/transpharma-international.com\/de\/wp-json\/wp\/v2\/pages\/1136\/revisions\/2278"}],"wp:attachment":[{"href":"https:\/\/transpharma-international.com\/de\/wp-json\/wp\/v2\/media?parent=1136"}],"curies":[{"name":"wp","href":"https:\/\/api.w.org\/{rel}","templated":true}]}}