{"id":1309,"date":"2021-06-07T18:36:41","date_gmt":"2021-06-07T16:36:41","guid":{"rendered":"https:\/\/transpharma-international.com\/career\/"},"modified":"2022-02-01T17:00:04","modified_gmt":"2022-02-01T16:00:04","slug":"karriere","status":"publish","type":"page","link":"https:\/\/transpharma-international.com\/de\/karriere\/","title":{"rendered":"Karriere"},"content":{"rendered":"<p><div id=\"career\" class=\"fusion-container-anchor\"><div class=\"fusion-fullwidth fullwidth-box fusion-builder-row-1 fusion-flex-container nonhundred-percent-fullwidth non-hundred-percent-height-scrolling\" style=\"--awb-border-radius-top-left:0px;--awb-border-radius-top-right:0px;--awb-border-radius-bottom-right:0px;--awb-border-radius-bottom-left:0px;--awb-flex-wrap:wrap;\" ><div class=\"fusion-builder-row fusion-row fusion-flex-align-items-stretch fusion-flex-content-wrap\" style=\"max-width:1248px;margin-left: calc(-4% \/ 2 );margin-right: calc(-4% \/ 2 );\"><div class=\"fusion-layout-column fusion_builder_column fusion-builder-column-0 fusion_builder_column_1_1 1_1 fusion-flex-column\" style=\"--awb-bg-size:cover;--awb-width-large:100%;--awb-margin-top-large:0px;--awb-spacing-right-large:1.92%;--awb-margin-bottom-large:20px;--awb-spacing-left-large:1.92%;--awb-width-medium:100%;--awb-order-medium:0;--awb-spacing-right-medium:1.92%;--awb-spacing-left-medium:1.92%;--awb-width-small:100%;--awb-order-small:0;--awb-spacing-right-small:1.92%;--awb-spacing-left-small:1.92%;\"><div class=\"fusion-column-wrapper fusion-column-has-shadow fusion-flex-justify-content-flex-start fusion-content-layout-column\"><nav class=\"fusion-breadcrumbs awb-yoast-breadcrumbs fusion-breadcrumbs-1\" style=\"--awb-breadcrumb-sep:&#039;\/&#039;;\" aria-label=\"Breadcrumb\"><span><span><a href=\"https:\/\/transpharma-international.com\/de\/\">Home<\/a><\/span><\/span><\/nav><\/div><\/div><div class=\"fusion-layout-column fusion_builder_column fusion-builder-column-1 fusion_builder_column_1_1 1_1 fusion-flex-column fusion-flex-align-self-center\" style=\"--awb-bg-size:cover;--awb-width-large:100%;--awb-margin-top-large:0px;--awb-spacing-right-large:1.92%;--awb-margin-bottom-large:20px;--awb-spacing-left-large:1.92%;--awb-width-medium:100%;--awb-order-medium:0;--awb-spacing-right-medium:1.92%;--awb-spacing-left-medium:1.92%;--awb-width-small:100%;--awb-order-small:0;--awb-spacing-right-small:1.92%;--awb-spacing-left-small:1.92%;\"><div class=\"fusion-column-wrapper fusion-column-has-shadow fusion-flex-justify-content-flex-start fusion-content-layout-column\"><div class=\"fusion-title title fusion-title-1 fusion-sep-none fusion-title-center fusion-title-text fusion-title-size-one\"><h1 class=\"fusion-title-heading title-heading-center fusion-responsive-typography-calculated\" style=\"margin:0;--fontSize:44;line-height:1.16;\"><h1>Laufbahnen<\/h1><\/h1><\/div><div class=\"fusion-separator fusion-full-width-sep sectionSeparator\" style=\"align-self: center;margin-left: auto;margin-right: auto;width:100%;\"><div class=\"fusion-separator-border sep-single sep-solid\" style=\"--awb-height:20px;--awb-amount:20px;border-color:#e2e2e2;border-top-width:1px;\"><\/div><\/div><\/div><\/div><div class=\"fusion-layout-column fusion_builder_column fusion-builder-column-2 fusion_builder_column_2_5 2_5 fusion-flex-column background-contain\" style=\"--awb-bg-position:center center;--awb-bg-size:cover;--awb-width-large:40%;--awb-margin-top-large:0px;--awb-spacing-right-large:4.8%;--awb-margin-bottom-large:20px;--awb-spacing-left-large:4.8%;--awb-width-medium:40%;--awb-order-medium:0;--awb-spacing-right-medium:4.8%;--awb-spacing-left-medium:4.8%;--awb-width-small:100%;--awb-order-small:0;--awb-spacing-right-small:1.92%;--awb-spacing-left-small:1.92%;\"><div class=\"fusion-column-wrapper fusion-column-has-shadow fusion-flex-justify-content-flex-start fusion-content-layout-column\"><div class=\"fusion-image-element \" style=\"--awb-caption-title-font-family:var(--h2_typography-font-family);--awb-caption-title-font-weight:var(--h2_typography-font-weight);--awb-caption-title-font-style:var(--h2_typography-font-style);--awb-caption-title-size:var(--h2_typography-font-size);--awb-caption-title-transform:var(--h2_typography-text-transform);--awb-caption-title-line-height:var(--h2_typography-line-height);--awb-caption-title-letter-spacing:var(--h2_typography-letter-spacing);\"><span class=\" fusion-imageframe imageframe-none imageframe-1 hover-type-none\"><img decoding=\"async\" width=\"800\" height=\"771\" alt=\"Be yourself, succeed together Walden diversity and inclusion logo\" title=\"DI_Centred_RGB\" src=\"https:\/\/transpharma-international.com\/wp-content\/uploads\/2021\/06\/DI_Centred_RGB-e1623231098654.jpg\" class=\"img-responsive wp-image-1067\"\/><\/span><\/div><\/div><\/div><div class=\"fusion-layout-column fusion_builder_column fusion-builder-column-3 fusion_builder_column_3_5 3_5 fusion-flex-column\" style=\"--awb-bg-size:cover;--awb-width-large:60%;--awb-margin-top-large:0px;--awb-spacing-right-large:3.2%;--awb-margin-bottom-large:20px;--awb-spacing-left-large:3.2%;--awb-width-medium:60%;--awb-order-medium:0;--awb-spacing-right-medium:3.2%;--awb-spacing-left-medium:3.2%;--awb-width-small:100%;--awb-order-small:0;--awb-spacing-right-small:1.92%;--awb-spacing-left-small:1.92%;\"><div class=\"fusion-column-wrapper fusion-column-has-shadow fusion-flex-justify-content-flex-start fusion-content-layout-column\"><div class=\"fusion-text fusion-text-1\"><h2>Human Resources<\/h2>\n<\/div><div class=\"fusion-separator fusion-full-width-sep sectionSeparator\" style=\"align-self: center;margin-left: auto;margin-right: auto;width:100%;\"><div class=\"fusion-separator-border sep-single sep-solid\" style=\"--awb-height:20px;--awb-amount:20px;border-color:#e2e2e2;border-top-width:1px;\"><\/div><\/div><div class=\"fusion-text fusion-text-2\"><p>Transpharma International steht f\u00fcr eine respektvolle, offene und kollaborative Unternehmenskultur, welche individuelle Unterschiede, Erfahrungen und Sichtweisen anerkennt und wertsch\u00e4tzt. Wir m\u00f6chten ein Umfeld schaffen, in dem unterschiedliche Fertigkeiten zum Einsatz kommen, vielf\u00e4ltige Ideen gesch\u00e4tzt werden und somit jedes Teammitglied die M\u00f6glichkeit erh\u00e4lt mit anderen zusammenzuarbeiten und Neues einzubringen, mit dem Ziel gemeinsam erfolgreich zu sein.<\/p>\n<p>Transpharma International bekennt sich zu den Unternehmenswerten\u00a0der Walden-Gruppe \u2013 Qualit\u00e4t, Kundenorientierung, Innovation, Integrit\u00e4t und Freude. Wir sorgen daf\u00fcr, dass all unsere Mitarbeiterinnen und Mitarbeiter die Diversit\u00e4t der Welt, in der wir leben und arbeiten, respektieren und von ihr profitieren.<\/p>\n<p>Wir sind bestrebt f\u00fcr ein Arbeitsumfeld zu sorgen, in dem alle Teammitglieder gleich behandelt werden, mit W\u00fcrde und frei von Bel\u00e4stigung oder Diskriminierung. Unser Engagement f\u00fcr Diversit\u00e4t und Inklusion sowie f\u00fcr die Notwendigkeit eines stets fairen Umgangs miteinander erstreckt sich auf alle Bereiche unserer Mitarbeiterinnen und Mitarbeiter innerhalb unseres Unternehmens, aber auch der gesamte Walden-Gruppe.<\/p>\n<\/div><\/div><\/div><div class=\"fusion-layout-column fusion_builder_column fusion-builder-column-4 fusion_builder_column_1_1 1_1 fusion-flex-column\" style=\"--awb-bg-size:cover;--awb-width-large:100%;--awb-margin-top-large:0px;--awb-spacing-right-large:1.92%;--awb-margin-bottom-large:20px;--awb-spacing-left-large:1.92%;--awb-width-medium:100%;--awb-order-medium:0;--awb-spacing-right-medium:1.92%;--awb-spacing-left-medium:1.92%;--awb-width-small:100%;--awb-order-small:0;--awb-spacing-right-small:1.92%;--awb-spacing-left-small:1.92%;\"><div class=\"fusion-column-wrapper fusion-column-has-shadow fusion-flex-justify-content-flex-start fusion-content-layout-column\"><div class=\"fusion-separator fusion-full-width-sep sectionSeparator\" style=\"align-self: center;margin-left: auto;margin-right: auto;width:100%;\"><\/div><div class=\"fusion-text fusion-text-3\"><p><img decoding=\"async\" class=\"wp-image-774 aligncenter\" src=\"https:\/\/transpharma-international.com\/wp-content\/uploads\/2021\/06\/Walden-Diversity-and-Inclusion-commitment.png\" alt=\"\" width=\"68\" height=\"96\" srcset=\"https:\/\/transpharma-international.com\/wp-content\/uploads\/2021\/06\/Walden-Diversity-and-Inclusion-commitment-200x283.png 200w, https:\/\/transpharma-international.com\/wp-content\/uploads\/2021\/06\/Walden-Diversity-and-Inclusion-commitment-212x300.png 212w, https:\/\/transpharma-international.com\/wp-content\/uploads\/2021\/06\/Walden-Diversity-and-Inclusion-commitment-400x567.png 400w, https:\/\/transpharma-international.com\/wp-content\/uploads\/2021\/06\/Walden-Diversity-and-Inclusion-commitment-600x850.png 600w, https:\/\/transpharma-international.com\/wp-content\/uploads\/2021\/06\/Walden-Diversity-and-Inclusion-commitment.png 618w\" sizes=\"(max-width: 68px) 100vw, 68px\" \/><\/p>\n<p style=\"text-align: center;\"><a href=\"https:\/\/transpharma-international.com\/wp-content\/uploads\/2021\/06\/Walden-Diversity-Inclusion-Commitment-2021-ENG.pdf\" target=\"_blank\" rel=\"noopener\">Zum Download hier klicken<\/a><\/p>\n<\/div><\/div><\/div><div class=\"fusion-layout-column fusion_builder_column fusion-builder-column-5 fusion_builder_column_1_1 1_1 fusion-flex-column\" style=\"--awb-bg-size:cover;--awb-width-large:100%;--awb-margin-top-large:0px;--awb-spacing-right-large:1.92%;--awb-margin-bottom-large:20px;--awb-spacing-left-large:1.92%;--awb-width-medium:100%;--awb-order-medium:0;--awb-spacing-right-medium:1.92%;--awb-spacing-left-medium:1.92%;--awb-width-small:100%;--awb-order-small:0;--awb-spacing-right-small:1.92%;--awb-spacing-left-small:1.92%;\"><div class=\"fusion-column-wrapper fusion-column-has-shadow fusion-flex-justify-content-flex-start fusion-content-layout-column\"><div class=\"fusion-separator fusion-full-width-sep sectionSeparator\" style=\"align-self: center;margin-left: auto;margin-right: auto;width:100%;\"><\/div><div class=\"fusion-text fusion-text-4\"><h3 style=\"text-align: left;\">Sie m\u00f6chten Teil des Teams werden?<\/h3>\n<p style=\"text-align: left;\">Hier finden Sie unsere Stellenangebote. Sie finden momentan keine offenen Stellen? Schauen Sie bald wieder vorbei\u00a0\u2013 wir sind regelm\u00e4\u00dfig auf der Suche nach neuen Mitarbeiterinnen und Mitarbeitern.<\/p>\n<\/div><\/div><\/div><\/div><\/div><\/div><div class=\"fusion-fullwidth fullwidth-box fusion-builder-row-2 fusion-flex-container nonhundred-percent-fullwidth non-hundred-percent-height-scrolling\" style=\"--awb-border-radius-top-left:0px;--awb-border-radius-top-right:0px;--awb-border-radius-bottom-right:0px;--awb-border-radius-bottom-left:0px;--awb-flex-wrap:wrap;\" ><div class=\"fusion-builder-row fusion-row fusion-flex-align-items-flex-start fusion-flex-content-wrap\" style=\"max-width:1248px;margin-left: calc(-4% \/ 2 );margin-right: calc(-4% \/ 2 );\"><div class=\"fusion-layout-column fusion_builder_column fusion-builder-column-6 fusion_builder_column_1_1 1_1 fusion-flex-column\" style=\"--awb-bg-size:cover;--awb-width-large:100%;--awb-margin-top-large:0px;--awb-spacing-right-large:1.92%;--awb-margin-bottom-large:20px;--awb-spacing-left-large:1.92%;--awb-width-medium:100%;--awb-order-medium:0;--awb-spacing-right-medium:1.92%;--awb-spacing-left-medium:1.92%;--awb-width-small:100%;--awb-order-small:0;--awb-spacing-right-small:1.92%;--awb-spacing-left-small:1.92%;\"><div class=\"fusion-column-wrapper fusion-column-has-shadow fusion-flex-justify-content-flex-start fusion-content-layout-column\"><div class=\"fusion-separator fusion-full-width-sep sectionSeparator\" style=\"align-self: center;margin-left: auto;margin-right: auto;width:100%;\"><div class=\"fusion-separator-border sep-single sep-solid\" style=\"--awb-height:20px;--awb-amount:20px;border-color:#e2e2e2;border-top-width:1px;\"><\/div><\/div><\/div><\/div><\/div><\/div><\/p>\n","protected":false},"excerpt":{"rendered":"","protected":false},"author":1,"featured_media":0,"parent":0,"menu_order":0,"comment_status":"closed","ping_status":"closed","template":"","meta":{"footnotes":""},"class_list":["post-1309","page","type-page","status-publish","hentry"],"yoast_head":"<!-- This site is optimized with the Yoast SEO plugin v27.4 - https:\/\/yoast.com\/product\/yoast-seo-wordpress\/ -->\n<title>Karriere &#8211; Transpharma International<\/title>\n<meta name=\"description\" content=\"Want to join the adventure? You can see our job and career opportunities below.\" \/>\n<meta name=\"robots\" content=\"index, follow, max-snippet:-1, max-image-preview:large, max-video-preview:-1\" \/>\n<link rel=\"canonical\" href=\"https:\/\/transpharma-international.com\/de\/karriere\/\" \/>\n<meta property=\"og:locale\" content=\"de_DE\" \/>\n<meta property=\"og:type\" content=\"article\" \/>\n<meta property=\"og:title\" content=\"Karriere &#8211; Transpharma International\" \/>\n<meta property=\"og:description\" content=\"Want to join the adventure? You can see our job and career opportunities below.\" \/>\n<meta property=\"og:url\" content=\"https:\/\/transpharma-international.com\/de\/karriere\/\" \/>\n<meta property=\"og:site_name\" content=\"Transpharma International\" \/>\n<meta property=\"article:modified_time\" content=\"2022-02-01T16:00:04+00:00\" \/>\n<meta property=\"og:image\" content=\"https:\/\/transpharma-international.com\/wp-content\/uploads\/2021\/06\/Walden-Diversity-and-Inclusion-commitment.png\" \/>\n<meta name=\"twitter:card\" content=\"summary_large_image\" \/>\n<meta name=\"twitter:label1\" content=\"Gesch\u00e4tzte Lesezeit\" \/>\n\t<meta name=\"twitter:data1\" content=\"7\u00a0Minuten\" \/>\n<script type=\"application\/ld+json\" class=\"yoast-schema-graph\">{\"@context\":\"https:\\\/\\\/schema.org\",\"@graph\":[{\"@type\":\"WebPage\",\"@id\":\"https:\\\/\\\/transpharma-international.com\\\/de\\\/karriere\\\/\",\"url\":\"https:\\\/\\\/transpharma-international.com\\\/de\\\/karriere\\\/\",\"name\":\"Karriere &#8211; Transpharma International\",\"isPartOf\":{\"@id\":\"https:\\\/\\\/transpharma-international.com\\\/#website\"},\"primaryImageOfPage\":{\"@id\":\"https:\\\/\\\/transpharma-international.com\\\/de\\\/karriere\\\/#primaryimage\"},\"image\":{\"@id\":\"https:\\\/\\\/transpharma-international.com\\\/de\\\/karriere\\\/#primaryimage\"},\"thumbnailUrl\":\"https:\\\/\\\/transpharma-international.com\\\/wp-content\\\/uploads\\\/2021\\\/06\\\/Walden-Diversity-and-Inclusion-commitment.png\",\"datePublished\":\"2021-06-07T16:36:41+00:00\",\"dateModified\":\"2022-02-01T16:00:04+00:00\",\"description\":\"Want to join the adventure? You can see our job and career opportunities below.\",\"breadcrumb\":{\"@id\":\"https:\\\/\\\/transpharma-international.com\\\/de\\\/karriere\\\/#breadcrumb\"},\"inLanguage\":\"de\",\"potentialAction\":[{\"@type\":\"ReadAction\",\"target\":[\"https:\\\/\\\/transpharma-international.com\\\/de\\\/karriere\\\/\"]}]},{\"@type\":\"ImageObject\",\"inLanguage\":\"de\",\"@id\":\"https:\\\/\\\/transpharma-international.com\\\/de\\\/karriere\\\/#primaryimage\",\"url\":\"https:\\\/\\\/transpharma-international.com\\\/wp-content\\\/uploads\\\/2021\\\/06\\\/Walden-Diversity-and-Inclusion-commitment.png\",\"contentUrl\":\"https:\\\/\\\/transpharma-international.com\\\/wp-content\\\/uploads\\\/2021\\\/06\\\/Walden-Diversity-and-Inclusion-commitment.png\"},{\"@type\":\"BreadcrumbList\",\"@id\":\"https:\\\/\\\/transpharma-international.com\\\/de\\\/karriere\\\/#breadcrumb\",\"itemListElement\":[{\"@type\":\"ListItem\",\"position\":1,\"name\":\"Home\",\"item\":\"https:\\\/\\\/transpharma-international.com\\\/de\\\/\"},{\"@type\":\"ListItem\",\"position\":2,\"name\":\"Karriere\"}]},{\"@type\":\"WebSite\",\"@id\":\"https:\\\/\\\/transpharma-international.com\\\/#website\",\"url\":\"https:\\\/\\\/transpharma-international.com\\\/\",\"name\":\"Transpharma International\",\"description\":\"Healthcare Freight Solutions\",\"publisher\":{\"@id\":\"https:\\\/\\\/transpharma-international.com\\\/#organization\"},\"potentialAction\":[{\"@type\":\"SearchAction\",\"target\":{\"@type\":\"EntryPoint\",\"urlTemplate\":\"https:\\\/\\\/transpharma-international.com\\\/?s={search_term_string}\"},\"query-input\":{\"@type\":\"PropertyValueSpecification\",\"valueRequired\":true,\"valueName\":\"search_term_string\"}}],\"inLanguage\":\"de\"},{\"@type\":\"Organization\",\"@id\":\"https:\\\/\\\/transpharma-international.com\\\/#organization\",\"name\":\"Transpharma International\",\"url\":\"https:\\\/\\\/transpharma-international.com\\\/\",\"logo\":{\"@type\":\"ImageObject\",\"inLanguage\":\"de\",\"@id\":\"https:\\\/\\\/transpharma-international.com\\\/#\\\/schema\\\/logo\\\/image\\\/\",\"url\":\"https:\\\/\\\/transpharma-international.com\\\/wp-content\\\/uploads\\\/2021\\\/06\\\/TRANSPHARMAINTER_LOGO_squarex600.png\",\"contentUrl\":\"https:\\\/\\\/transpharma-international.com\\\/wp-content\\\/uploads\\\/2021\\\/06\\\/TRANSPHARMAINTER_LOGO_squarex600.png\",\"width\":600,\"height\":146,\"caption\":\"Transpharma International\"},\"image\":{\"@id\":\"https:\\\/\\\/transpharma-international.com\\\/#\\\/schema\\\/logo\\\/image\\\/\"},\"sameAs\":[\"https:\\\/\\\/www.linkedin.com\\\/company\\\/prima-transport\\\/\"]}]}<\/script>\n<!-- \/ Yoast SEO plugin. -->","yoast_head_json":{"title":"Karriere &#8211; Transpharma International","description":"Want to join the adventure? You can see our job and career opportunities below.","robots":{"index":"index","follow":"follow","max-snippet":"max-snippet:-1","max-image-preview":"max-image-preview:large","max-video-preview":"max-video-preview:-1"},"canonical":"https:\/\/transpharma-international.com\/de\/karriere\/","og_locale":"de_DE","og_type":"article","og_title":"Karriere &#8211; Transpharma International","og_description":"Want to join the adventure? You can see our job and career opportunities below.","og_url":"https:\/\/transpharma-international.com\/de\/karriere\/","og_site_name":"Transpharma International","article_modified_time":"2022-02-01T16:00:04+00:00","og_image":[{"url":"https:\/\/transpharma-international.com\/wp-content\/uploads\/2021\/06\/Walden-Diversity-and-Inclusion-commitment.png","type":"","width":"","height":""}],"twitter_card":"summary_large_image","twitter_misc":{"Gesch\u00e4tzte Lesezeit":"7\u00a0Minuten"},"schema":{"@context":"https:\/\/schema.org","@graph":[{"@type":"WebPage","@id":"https:\/\/transpharma-international.com\/de\/karriere\/","url":"https:\/\/transpharma-international.com\/de\/karriere\/","name":"Karriere &#8211; Transpharma International","isPartOf":{"@id":"https:\/\/transpharma-international.com\/#website"},"primaryImageOfPage":{"@id":"https:\/\/transpharma-international.com\/de\/karriere\/#primaryimage"},"image":{"@id":"https:\/\/transpharma-international.com\/de\/karriere\/#primaryimage"},"thumbnailUrl":"https:\/\/transpharma-international.com\/wp-content\/uploads\/2021\/06\/Walden-Diversity-and-Inclusion-commitment.png","datePublished":"2021-06-07T16:36:41+00:00","dateModified":"2022-02-01T16:00:04+00:00","description":"Want to join the adventure? You can see our job and career opportunities below.","breadcrumb":{"@id":"https:\/\/transpharma-international.com\/de\/karriere\/#breadcrumb"},"inLanguage":"de","potentialAction":[{"@type":"ReadAction","target":["https:\/\/transpharma-international.com\/de\/karriere\/"]}]},{"@type":"ImageObject","inLanguage":"de","@id":"https:\/\/transpharma-international.com\/de\/karriere\/#primaryimage","url":"https:\/\/transpharma-international.com\/wp-content\/uploads\/2021\/06\/Walden-Diversity-and-Inclusion-commitment.png","contentUrl":"https:\/\/transpharma-international.com\/wp-content\/uploads\/2021\/06\/Walden-Diversity-and-Inclusion-commitment.png"},{"@type":"BreadcrumbList","@id":"https:\/\/transpharma-international.com\/de\/karriere\/#breadcrumb","itemListElement":[{"@type":"ListItem","position":1,"name":"Home","item":"https:\/\/transpharma-international.com\/de\/"},{"@type":"ListItem","position":2,"name":"Karriere"}]},{"@type":"WebSite","@id":"https:\/\/transpharma-international.com\/#website","url":"https:\/\/transpharma-international.com\/","name":"Transpharma International","description":"Healthcare Freight Solutions","publisher":{"@id":"https:\/\/transpharma-international.com\/#organization"},"potentialAction":[{"@type":"SearchAction","target":{"@type":"EntryPoint","urlTemplate":"https:\/\/transpharma-international.com\/?s={search_term_string}"},"query-input":{"@type":"PropertyValueSpecification","valueRequired":true,"valueName":"search_term_string"}}],"inLanguage":"de"},{"@type":"Organization","@id":"https:\/\/transpharma-international.com\/#organization","name":"Transpharma International","url":"https:\/\/transpharma-international.com\/","logo":{"@type":"ImageObject","inLanguage":"de","@id":"https:\/\/transpharma-international.com\/#\/schema\/logo\/image\/","url":"https:\/\/transpharma-international.com\/wp-content\/uploads\/2021\/06\/TRANSPHARMAINTER_LOGO_squarex600.png","contentUrl":"https:\/\/transpharma-international.com\/wp-content\/uploads\/2021\/06\/TRANSPHARMAINTER_LOGO_squarex600.png","width":600,"height":146,"caption":"Transpharma International"},"image":{"@id":"https:\/\/transpharma-international.com\/#\/schema\/logo\/image\/"},"sameAs":["https:\/\/www.linkedin.com\/company\/prima-transport\/"]}]}},"_links":{"self":[{"href":"https:\/\/transpharma-international.com\/de\/wp-json\/wp\/v2\/pages\/1309","targetHints":{"allow":["GET"]}}],"collection":[{"href":"https:\/\/transpharma-international.com\/de\/wp-json\/wp\/v2\/pages"}],"about":[{"href":"https:\/\/transpharma-international.com\/de\/wp-json\/wp\/v2\/types\/page"}],"author":[{"embeddable":true,"href":"https:\/\/transpharma-international.com\/de\/wp-json\/wp\/v2\/users\/1"}],"replies":[{"embeddable":true,"href":"https:\/\/transpharma-international.com\/de\/wp-json\/wp\/v2\/comments?post=1309"}],"version-history":[{"count":7,"href":"https:\/\/transpharma-international.com\/de\/wp-json\/wp\/v2\/pages\/1309\/revisions"}],"predecessor-version":[{"id":1753,"href":"https:\/\/transpharma-international.com\/de\/wp-json\/wp\/v2\/pages\/1309\/revisions\/1753"}],"wp:attachment":[{"href":"https:\/\/transpharma-international.com\/de\/wp-json\/wp\/v2\/media?parent=1309"}],"curies":[{"name":"wp","href":"https:\/\/api.w.org\/{rel}","templated":true}]}}