{"id":1645,"date":"2021-05-24T14:13:18","date_gmt":"2021-05-24T12:13:18","guid":{"rendered":"https:\/\/transpharma-international.com\/custom-and-trade-services\/"},"modified":"2025-03-03T21:40:38","modified_gmt":"2025-03-03T20:40:38","slug":"services-douaniers-commerciaux","status":"publish","type":"page","link":"https:\/\/transpharma-international.com\/fr\/services-douaniers-commerciaux\/","title":{"rendered":"Services douaniers et commerciaux"},"content":{"rendered":"<div id=\"road\" class=\"fusion-container-anchor\"><div class=\"fusion-fullwidth fullwidth-box fusion-builder-row-1 fusion-flex-container nonhundred-percent-fullwidth non-hundred-percent-height-scrolling\" style=\"--awb-border-radius-top-left:0px;--awb-border-radius-top-right:0px;--awb-border-radius-bottom-right:0px;--awb-border-radius-bottom-left:0px;--awb-flex-wrap:wrap;\" ><div class=\"fusion-builder-row fusion-row fusion-flex-align-items-stretch fusion-flex-content-wrap\" style=\"max-width:1248px;margin-left: calc(-4% \/ 2 );margin-right: calc(-4% \/ 2 );\"><div class=\"fusion-layout-column fusion_builder_column fusion-builder-column-0 fusion_builder_column_1_1 1_1 fusion-flex-column\" style=\"--awb-bg-size:cover;--awb-width-large:100%;--awb-margin-top-large:0px;--awb-spacing-right-large:1.92%;--awb-margin-bottom-large:20px;--awb-spacing-left-large:1.92%;--awb-width-medium:100%;--awb-order-medium:0;--awb-spacing-right-medium:1.92%;--awb-spacing-left-medium:1.92%;--awb-width-small:100%;--awb-order-small:0;--awb-spacing-right-small:1.92%;--awb-spacing-left-small:1.92%;\"><div class=\"fusion-column-wrapper fusion-column-has-shadow fusion-flex-justify-content-flex-start fusion-content-layout-column\"><nav class=\"fusion-breadcrumbs awb-yoast-breadcrumbs fusion-breadcrumbs-1\" style=\"--awb-breadcrumb-sep:&#039;\/&#039;;\" aria-label=\"Breadcrumb\"><span><span><a href=\"https:\/\/transpharma-international.com\/fr\/\">Home<\/a><\/span><\/span><\/nav><\/div><\/div><div class=\"fusion-layout-column fusion_builder_column fusion-builder-column-1 fusion_builder_column_1_2 1_2 fusion-flex-column fusion-flex-align-self-center\" style=\"--awb-bg-size:cover;--awb-width-large:50%;--awb-margin-top-large:0px;--awb-spacing-right-large:3.84%;--awb-margin-bottom-large:20px;--awb-spacing-left-large:3.84%;--awb-width-medium:50%;--awb-order-medium:0;--awb-spacing-right-medium:3.84%;--awb-spacing-left-medium:3.84%;--awb-width-small:100%;--awb-order-small:0;--awb-spacing-right-small:1.92%;--awb-spacing-left-small:1.92%;\"><div class=\"fusion-column-wrapper fusion-column-has-shadow fusion-flex-justify-content-flex-start fusion-content-layout-column\"><div class=\"fusion-title title fusion-title-1 fusion-sep-none fusion-title-center fusion-title-text fusion-title-size-one\"><h1 class=\"fusion-title-heading title-heading-center fusion-responsive-typography-calculated\" style=\"margin:0;--fontSize:44;line-height:1.16;\">Gestion des douanes et services commerciaux<\/h1><\/div><\/div><\/div><div class=\"fusion-layout-column fusion_builder_column fusion-builder-column-2 fusion_builder_column_1_2 1_2 fusion-flex-column\" style=\"--awb-bg-size:cover;--awb-width-large:50%;--awb-margin-top-large:0px;--awb-spacing-right-large:3.84%;--awb-margin-bottom-large:20px;--awb-spacing-left-large:3.84%;--awb-width-medium:50%;--awb-order-medium:0;--awb-spacing-right-medium:3.84%;--awb-spacing-left-medium:3.84%;--awb-width-small:100%;--awb-order-small:0;--awb-spacing-right-small:1.92%;--awb-spacing-left-small:1.92%;\"><div class=\"fusion-column-wrapper fusion-column-has-shadow fusion-flex-justify-content-flex-start fusion-content-layout-column\"><div class=\"fusion-reading-box-container reading-box-container-1\" style=\"--awb-title-color:#009e59;--awb-margin-top:0px;--awb-margin-bottom:20px;\"><div class=\"reading-box\" style=\"background-color:#f9f9fb;border-width:1px;border-color:rgba(226,226,226,0);border-left-width:3px;border-left-color:var(--primary_color);border-style:solid;\"><div class=\"reading-box-description\">\n\n\n\n<\/div><div class=\"fusion-clearfix\"><\/div><\/div><\/div><\/div><\/div><div class=\"fusion-layout-column fusion_builder_column fusion-builder-column-3 fusion_builder_column_2_5 2_5 fusion-flex-column background-contain\" style=\"--awb-bg-image:url(&#039;https:\/\/transpharma-international.com\/wp-content\/uploads\/2021\/06\/AdobeStock_212503866-scaled.jpeg&#039;);--awb-bg-position:center center;--awb-bg-size:cover;--awb-width-large:40%;--awb-margin-top-large:0px;--awb-spacing-right-large:4.8%;--awb-margin-bottom-large:20px;--awb-spacing-left-large:4.8%;--awb-width-medium:40%;--awb-order-medium:0;--awb-spacing-right-medium:4.8%;--awb-spacing-left-medium:4.8%;--awb-width-small:100%;--awb-order-small:0;--awb-spacing-right-small:1.92%;--awb-spacing-left-small:1.92%;\"><div class=\"fusion-column-wrapper fusion-column-has-shadow fusion-flex-justify-content-flex-start fusion-content-layout-column fusion-empty-column-bg-image fusion-column-has-bg-image\" data-bg-url=\"https:\/\/transpharma-international.com\/wp-content\/uploads\/2021\/06\/AdobeStock_212503866-scaled.jpeg\"><img decoding=\"async\" class=\"fusion-empty-dims-img-placeholder fusion-no-large-visibility fusion-no-medium-visibility\" aria-label=\"girl in the office puts a stamp on the documents\" src=\"data:image\/svg+xml,%3Csvg%20xmlns%3D%27http%3A%2F%2Fwww.w3.org%2F2000%2Fsvg%27%20width%3D%272560%27%20height%3D%271524%27%20viewBox%3D%270%200%202560%201524%27%3E%3Crect%20width%3D%272560%27%20height%3D%271524%27%20fill-opacity%3D%220%22%2F%3E%3C%2Fsvg%3E\"><\/div><\/div><div class=\"fusion-layout-column fusion_builder_column fusion-builder-column-4 fusion_builder_column_3_5 3_5 fusion-flex-column\" style=\"--awb-bg-size:cover;--awb-width-large:60%;--awb-margin-top-large:0px;--awb-spacing-right-large:3.2%;--awb-margin-bottom-large:20px;--awb-spacing-left-large:3.2%;--awb-width-medium:60%;--awb-order-medium:0;--awb-spacing-right-medium:3.2%;--awb-spacing-left-medium:3.2%;--awb-width-small:100%;--awb-order-small:0;--awb-spacing-right-small:1.92%;--awb-spacing-left-small:1.92%;\"><div class=\"fusion-column-wrapper fusion-column-has-shadow fusion-flex-justify-content-flex-start fusion-content-layout-column\"><div class=\"fusion-text fusion-text-1\"><h3>Nous proposons exclusivement des services de la meilleure qualit\u00e9 et garantissons la s\u00e9curit\u00e9 de votre exp\u00e9dition.<\/h3>\n<\/div><div class=\"fusion-separator fusion-full-width-sep sectionSeparator\" style=\"align-self: center;margin-left: auto;margin-right: auto;width:100%;\"><div class=\"fusion-separator-border sep-single sep-solid\" style=\"--awb-height:20px;--awb-amount:20px;border-color:#e2e2e2;border-top-width:1px;\"><\/div><\/div><div class=\"fusion-text fusion-text-2\"><p>En tant que sp\u00e9cialistes du transport international dans le domaine pharmaceutique et de la sant\u00e9, nous offrons la meilleure qualit\u00e9 de services et garantissons la s\u00e9curit\u00e9 de votre exp\u00e9dition.<\/p>\n<p>Gr\u00e2ce \u00e0 notre \u00e9quipe d\u2019experts, vous avez l\u2019assurance d\u2019un service sans faille. Nous adoptons une approche proactive des proc\u00e9dures administratives li\u00e9es au transport international des produits de sant\u00e9\u00a0:<\/p>\n<ul>\n<li>Services import \/ export<\/li>\n<li>Douanes. Nous avons des contrats de repr\u00e9sentation en douane dans 170 sites \u00e0 travers le monde<\/li>\n<li>Gestion des documents<\/li>\n<li>Certification consulaire<\/li>\n<li>Services de conseil<\/li>\n<\/ul>\n<\/div><\/div><\/div><div class=\"fusion-layout-column fusion_builder_column fusion-builder-column-5 fusion_builder_column_2_3 2_3 fusion-flex-column\" style=\"--awb-bg-size:cover;--awb-width-large:66.666666666667%;--awb-margin-top-large:0px;--awb-spacing-right-large:2.88%;--awb-margin-bottom-large:20px;--awb-spacing-left-large:2.88%;--awb-width-medium:66.666666666667%;--awb-order-medium:0;--awb-spacing-right-medium:2.88%;--awb-spacing-left-medium:2.88%;--awb-width-small:100%;--awb-order-small:0;--awb-spacing-right-small:1.92%;--awb-spacing-left-small:1.92%;\"><div class=\"fusion-column-wrapper fusion-column-has-shadow fusion-flex-justify-content-flex-start fusion-content-layout-column\"><div class=\"fusion-text fusion-text-3\"><h3>\u00c9quipes de douane internes pour toutes vos destinations mondiales dans les pays suivants\u00a0:<\/h3>\n<\/div><div class=\"fusion-separator fusion-full-width-sep sectionSeparator\" style=\"align-self: center;margin-left: auto;margin-right: auto;width:100%;\"><div class=\"fusion-separator-border sep-single sep-solid\" style=\"--awb-height:20px;--awb-amount:20px;border-color:#e2e2e2;border-top-width:1px;\"><\/div><\/div><div class=\"fusion-text fusion-text-4\"><ul>\n<li>Royaume-Uni<\/li>\n<li>France<\/li>\n<li>Pays-Bas<\/li>\n<li>Allemagne<\/li>\n<\/ul>\n<\/div><\/div><\/div><div class=\"fusion-layout-column fusion_builder_column fusion-builder-column-6 fusion_builder_column_1_3 1_3 fusion-flex-column\" style=\"--awb-bg-image:url(&#039;https:\/\/transpharma-international.com\/wp-content\/uploads\/2021\/12\/camion-cabine-gps_68A5743-min-1111-3-1024x683.jpg&#039;);--awb-bg-position:center center;--awb-bg-size:cover;--awb-width-large:33.333333333333%;--awb-margin-top-large:0px;--awb-spacing-right-large:5.76%;--awb-margin-bottom-large:20px;--awb-spacing-left-large:5.76%;--awb-width-medium:33.333333333333%;--awb-order-medium:0;--awb-spacing-right-medium:5.76%;--awb-spacing-left-medium:5.76%;--awb-width-small:100%;--awb-order-small:0;--awb-spacing-right-small:1.92%;--awb-spacing-left-small:1.92%;\"><div class=\"fusion-column-wrapper fusion-column-has-shadow fusion-flex-justify-content-flex-start fusion-content-layout-column fusion-empty-column-bg-image fusion-column-has-bg-image\" data-bg-url=\"https:\/\/transpharma-international.com\/wp-content\/uploads\/2021\/12\/camion-cabine-gps_68A5743-min-1111-3-1024x683.jpg\"><img decoding=\"async\" class=\"fusion-empty-dims-img-placeholder fusion-no-large-visibility fusion-no-medium-visibility\" src=\"data:image\/gif;base64,R0lGODlhAQABAAAAACH5BAEKAAEALAAAAAABAAEAAAICTAEAOw==\"><\/div><\/div><div class=\"fusion-layout-column fusion_builder_column fusion-builder-column-7 fusion_builder_column_1_1 1_1 fusion-flex-column\" style=\"--awb-bg-size:cover;--awb-width-large:100%;--awb-margin-top-large:0px;--awb-spacing-right-large:1.92%;--awb-margin-bottom-large:20px;--awb-spacing-left-large:1.92%;--awb-width-medium:100%;--awb-order-medium:0;--awb-spacing-right-medium:1.92%;--awb-spacing-left-medium:1.92%;--awb-width-small:100%;--awb-order-small:0;--awb-spacing-right-small:1.92%;--awb-spacing-left-small:1.92%;\"><div class=\"fusion-column-wrapper fusion-column-has-shadow fusion-flex-justify-content-flex-start fusion-content-layout-column\"><div style=\"text-align:center;\"><a class=\"fusion-button button-3d fusion-button-default-size button-default fusion-button-default button-1 fusion-button-default-span requestQuoteButton\" target=\"_self\" href=\"https:\/\/transpharma-international.com\/contact\/\"><span class=\"fusion-button-text awb-button__text awb-button__text--default\">Demander un devis et des informations<\/span><\/a><\/div><\/div><\/div><\/div><\/div><\/div>\n","protected":false},"excerpt":{"rendered":"","protected":false},"author":1,"featured_media":0,"parent":0,"menu_order":0,"comment_status":"closed","ping_status":"closed","template":"","meta":{"footnotes":""},"class_list":["post-1645","page","type-page","status-publish","hentry"],"yoast_head":"<!-- This site is optimized with the Yoast SEO plugin v27.4 - https:\/\/yoast.com\/product\/yoast-seo-wordpress\/ -->\n<title>Services douaniers et commerciaux &#8211; Transpharma International<\/title>\n<meta name=\"description\" content=\"We take a proactive approach to the administrative procedures related to international : Import \/ Export Services, Customs and trade services.\" \/>\n<meta name=\"robots\" content=\"index, follow, max-snippet:-1, max-image-preview:large, max-video-preview:-1\" \/>\n<link rel=\"canonical\" href=\"https:\/\/transpharma-international.com\/fr\/services-douaniers-commerciaux\/\" \/>\n<meta property=\"og:locale\" content=\"fr_FR\" \/>\n<meta property=\"og:type\" content=\"article\" \/>\n<meta property=\"og:title\" content=\"Services douaniers et commerciaux &#8211; Transpharma International\" \/>\n<meta property=\"og:description\" content=\"We take a proactive approach to the administrative procedures related to international : Import \/ Export Services, Customs and trade services.\" \/>\n<meta property=\"og:url\" content=\"https:\/\/transpharma-international.com\/fr\/services-douaniers-commerciaux\/\" \/>\n<meta property=\"og:site_name\" content=\"Transpharma International\" \/>\n<meta property=\"article:modified_time\" content=\"2025-03-03T20:40:38+00:00\" \/>\n<meta name=\"twitter:card\" content=\"summary_large_image\" \/>\n<meta name=\"twitter:label1\" content=\"Dur\u00e9e de lecture estim\u00e9e\" \/>\n\t<meta name=\"twitter:data1\" content=\"6 minutes\" \/>\n<script type=\"application\/ld+json\" class=\"yoast-schema-graph\">{\"@context\":\"https:\\\/\\\/schema.org\",\"@graph\":[{\"@type\":\"WebPage\",\"@id\":\"https:\\\/\\\/transpharma-international.com\\\/fr\\\/services-douaniers-commerciaux\\\/\",\"url\":\"https:\\\/\\\/transpharma-international.com\\\/fr\\\/services-douaniers-commerciaux\\\/\",\"name\":\"Services douaniers et commerciaux &#8211; Transpharma International\",\"isPartOf\":{\"@id\":\"https:\\\/\\\/transpharma-international.com\\\/#website\"},\"datePublished\":\"2021-05-24T12:13:18+00:00\",\"dateModified\":\"2025-03-03T20:40:38+00:00\",\"description\":\"We take a proactive approach to the administrative procedures related to international : Import \\\/ Export Services, Customs and trade services.\",\"breadcrumb\":{\"@id\":\"https:\\\/\\\/transpharma-international.com\\\/fr\\\/services-douaniers-commerciaux\\\/#breadcrumb\"},\"inLanguage\":\"fr-FR\",\"potentialAction\":[{\"@type\":\"ReadAction\",\"target\":[\"https:\\\/\\\/transpharma-international.com\\\/fr\\\/services-douaniers-commerciaux\\\/\"]}]},{\"@type\":\"BreadcrumbList\",\"@id\":\"https:\\\/\\\/transpharma-international.com\\\/fr\\\/services-douaniers-commerciaux\\\/#breadcrumb\",\"itemListElement\":[{\"@type\":\"ListItem\",\"position\":1,\"name\":\"Home\",\"item\":\"https:\\\/\\\/transpharma-international.com\\\/fr\\\/\"},{\"@type\":\"ListItem\",\"position\":2,\"name\":\"Services douaniers et commerciaux\"}]},{\"@type\":\"WebSite\",\"@id\":\"https:\\\/\\\/transpharma-international.com\\\/#website\",\"url\":\"https:\\\/\\\/transpharma-international.com\\\/\",\"name\":\"Transpharma International\",\"description\":\"Healthcare Freight Solutions\",\"publisher\":{\"@id\":\"https:\\\/\\\/transpharma-international.com\\\/#organization\"},\"potentialAction\":[{\"@type\":\"SearchAction\",\"target\":{\"@type\":\"EntryPoint\",\"urlTemplate\":\"https:\\\/\\\/transpharma-international.com\\\/?s={search_term_string}\"},\"query-input\":{\"@type\":\"PropertyValueSpecification\",\"valueRequired\":true,\"valueName\":\"search_term_string\"}}],\"inLanguage\":\"fr-FR\"},{\"@type\":\"Organization\",\"@id\":\"https:\\\/\\\/transpharma-international.com\\\/#organization\",\"name\":\"Transpharma International\",\"url\":\"https:\\\/\\\/transpharma-international.com\\\/\",\"logo\":{\"@type\":\"ImageObject\",\"inLanguage\":\"fr-FR\",\"@id\":\"https:\\\/\\\/transpharma-international.com\\\/#\\\/schema\\\/logo\\\/image\\\/\",\"url\":\"https:\\\/\\\/transpharma-international.com\\\/wp-content\\\/uploads\\\/2021\\\/06\\\/TRANSPHARMAINTER_LOGO_squarex600.png\",\"contentUrl\":\"https:\\\/\\\/transpharma-international.com\\\/wp-content\\\/uploads\\\/2021\\\/06\\\/TRANSPHARMAINTER_LOGO_squarex600.png\",\"width\":600,\"height\":146,\"caption\":\"Transpharma International\"},\"image\":{\"@id\":\"https:\\\/\\\/transpharma-international.com\\\/#\\\/schema\\\/logo\\\/image\\\/\"},\"sameAs\":[\"https:\\\/\\\/www.linkedin.com\\\/company\\\/prima-transport\\\/\"]}]}<\/script>\n<!-- \/ Yoast SEO plugin. -->","yoast_head_json":{"title":"Services douaniers et commerciaux &#8211; Transpharma International","description":"We take a proactive approach to the administrative procedures related to international : Import \/ Export Services, Customs and trade services.","robots":{"index":"index","follow":"follow","max-snippet":"max-snippet:-1","max-image-preview":"max-image-preview:large","max-video-preview":"max-video-preview:-1"},"canonical":"https:\/\/transpharma-international.com\/fr\/services-douaniers-commerciaux\/","og_locale":"fr_FR","og_type":"article","og_title":"Services douaniers et commerciaux &#8211; Transpharma International","og_description":"We take a proactive approach to the administrative procedures related to international : Import \/ Export Services, Customs and trade services.","og_url":"https:\/\/transpharma-international.com\/fr\/services-douaniers-commerciaux\/","og_site_name":"Transpharma International","article_modified_time":"2025-03-03T20:40:38+00:00","twitter_card":"summary_large_image","twitter_misc":{"Dur\u00e9e de lecture estim\u00e9e":"6 minutes"},"schema":{"@context":"https:\/\/schema.org","@graph":[{"@type":"WebPage","@id":"https:\/\/transpharma-international.com\/fr\/services-douaniers-commerciaux\/","url":"https:\/\/transpharma-international.com\/fr\/services-douaniers-commerciaux\/","name":"Services douaniers et commerciaux &#8211; Transpharma International","isPartOf":{"@id":"https:\/\/transpharma-international.com\/#website"},"datePublished":"2021-05-24T12:13:18+00:00","dateModified":"2025-03-03T20:40:38+00:00","description":"We take a proactive approach to the administrative procedures related to international : Import \/ Export Services, Customs and trade services.","breadcrumb":{"@id":"https:\/\/transpharma-international.com\/fr\/services-douaniers-commerciaux\/#breadcrumb"},"inLanguage":"fr-FR","potentialAction":[{"@type":"ReadAction","target":["https:\/\/transpharma-international.com\/fr\/services-douaniers-commerciaux\/"]}]},{"@type":"BreadcrumbList","@id":"https:\/\/transpharma-international.com\/fr\/services-douaniers-commerciaux\/#breadcrumb","itemListElement":[{"@type":"ListItem","position":1,"name":"Home","item":"https:\/\/transpharma-international.com\/fr\/"},{"@type":"ListItem","position":2,"name":"Services douaniers et commerciaux"}]},{"@type":"WebSite","@id":"https:\/\/transpharma-international.com\/#website","url":"https:\/\/transpharma-international.com\/","name":"Transpharma International","description":"Healthcare Freight Solutions","publisher":{"@id":"https:\/\/transpharma-international.com\/#organization"},"potentialAction":[{"@type":"SearchAction","target":{"@type":"EntryPoint","urlTemplate":"https:\/\/transpharma-international.com\/?s={search_term_string}"},"query-input":{"@type":"PropertyValueSpecification","valueRequired":true,"valueName":"search_term_string"}}],"inLanguage":"fr-FR"},{"@type":"Organization","@id":"https:\/\/transpharma-international.com\/#organization","name":"Transpharma International","url":"https:\/\/transpharma-international.com\/","logo":{"@type":"ImageObject","inLanguage":"fr-FR","@id":"https:\/\/transpharma-international.com\/#\/schema\/logo\/image\/","url":"https:\/\/transpharma-international.com\/wp-content\/uploads\/2021\/06\/TRANSPHARMAINTER_LOGO_squarex600.png","contentUrl":"https:\/\/transpharma-international.com\/wp-content\/uploads\/2021\/06\/TRANSPHARMAINTER_LOGO_squarex600.png","width":600,"height":146,"caption":"Transpharma International"},"image":{"@id":"https:\/\/transpharma-international.com\/#\/schema\/logo\/image\/"},"sameAs":["https:\/\/www.linkedin.com\/company\/prima-transport\/"]}]}},"_links":{"self":[{"href":"https:\/\/transpharma-international.com\/fr\/wp-json\/wp\/v2\/pages\/1645","targetHints":{"allow":["GET"]}}],"collection":[{"href":"https:\/\/transpharma-international.com\/fr\/wp-json\/wp\/v2\/pages"}],"about":[{"href":"https:\/\/transpharma-international.com\/fr\/wp-json\/wp\/v2\/types\/page"}],"author":[{"embeddable":true,"href":"https:\/\/transpharma-international.com\/fr\/wp-json\/wp\/v2\/users\/1"}],"replies":[{"embeddable":true,"href":"https:\/\/transpharma-international.com\/fr\/wp-json\/wp\/v2\/comments?post=1645"}],"version-history":[{"count":6,"href":"https:\/\/transpharma-international.com\/fr\/wp-json\/wp\/v2\/pages\/1645\/revisions"}],"predecessor-version":[{"id":3271,"href":"https:\/\/transpharma-international.com\/fr\/wp-json\/wp\/v2\/pages\/1645\/revisions\/3271"}],"wp:attachment":[{"href":"https:\/\/transpharma-international.com\/fr\/wp-json\/wp\/v2\/media?parent=1645"}],"curies":[{"name":"wp","href":"https:\/\/api.w.org\/{rel}","templated":true}]}}