{"id":1663,"date":"2021-06-07T21:58:01","date_gmt":"2021-06-07T19:58:01","guid":{"rendered":"https:\/\/transpharma-international.com\/who-we-are\/"},"modified":"2023-09-28T20:31:00","modified_gmt":"2023-09-28T18:31:00","slug":"qui-sommes-nous","status":"publish","type":"page","link":"https:\/\/transpharma-international.com\/fr\/qui-sommes-nous\/","title":{"rendered":"Qui sommes-nous"},"content":{"rendered":"<div id=\"about\" class=\"fusion-container-anchor\"><div class=\"fusion-fullwidth fullwidth-box fusion-builder-row-1 fusion-flex-container nonhundred-percent-fullwidth non-hundred-percent-height-scrolling\" style=\"--awb-border-radius-top-left:0px;--awb-border-radius-top-right:0px;--awb-border-radius-bottom-right:0px;--awb-border-radius-bottom-left:0px;--awb-flex-wrap:wrap;\" ><div class=\"fusion-builder-row fusion-row fusion-flex-align-items-stretch fusion-flex-content-wrap\" style=\"max-width:1248px;margin-left: calc(-4% \/ 2 );margin-right: calc(-4% \/ 2 );\"><div class=\"fusion-layout-column fusion_builder_column fusion-builder-column-0 fusion_builder_column_1_1 1_1 fusion-flex-column\" style=\"--awb-bg-size:cover;--awb-width-large:100%;--awb-margin-top-large:0px;--awb-spacing-right-large:1.92%;--awb-margin-bottom-large:20px;--awb-spacing-left-large:1.92%;--awb-width-medium:100%;--awb-order-medium:0;--awb-spacing-right-medium:1.92%;--awb-spacing-left-medium:1.92%;--awb-width-small:100%;--awb-order-small:0;--awb-spacing-right-small:1.92%;--awb-spacing-left-small:1.92%;\"><div class=\"fusion-column-wrapper fusion-column-has-shadow fusion-flex-justify-content-flex-start fusion-content-layout-column\"><div class=\"fusion-text fusion-text-1\"><h1>Nous cumulons 70 ans d\u2019expertise dans la supply-chain des produits de sant\u00e9<\/h1>\n<\/div><div class=\"fusion-separator fusion-full-width-sep sectionSeparator\" style=\"align-self: center;margin-left: auto;margin-right: auto;width:100%;\"><div class=\"fusion-separator-border sep-single sep-solid\" style=\"--awb-height:20px;--awb-amount:20px;border-color:#e2e2e2;border-top-width:1px;\"><\/div><\/div><div class=\"fusion-text fusion-text-2\"><p>Transpharma International est n\u00e9 de la fusion de deux sp\u00e9cialistes strat\u00e9giques de la logistique dans le domaine pharmaceutique et de la sant\u00e9 : EHDH (soci\u00e9t\u00e9 fondatrice CSP en 1951) et Movianto. Les deux soci\u00e9t\u00e9s b\u00e9n\u00e9ficient de plusieurs ann\u00e9es d\u2019expertise dans le domaine des transports internationaux des produits pharmaceutiques.<\/p>\n<p>En 2020, EHDH a fait l\u2019acquisition de Movianto et s\u2019est rebaptis\u00e9 Groupe Walden, offrant une solution \u00ab\u00a0tout-en-un\u00a0\u00bb aux fabricants du domaine de la sant\u00e9.<\/p>\n<p>Apr\u00e8s \u00e0 peine un an, le Groupe Walden \u00e9tait parvenu \u00e0 r\u00e9unir l\u2019expertise en mati\u00e8re de transports internationaux de toutes les unit\u00e9s op\u00e9rationnelles pour cr\u00e9er Transpharma International.<\/p>\n<\/div><\/div><\/div><div class=\"fusion-layout-column fusion_builder_column fusion-builder-column-1 fusion_builder_column_1_1 1_1 fusion-flex-column\" style=\"--awb-bg-size:cover;--awb-width-large:100%;--awb-margin-top-large:0px;--awb-spacing-right-large:1.92%;--awb-margin-bottom-large:20px;--awb-spacing-left-large:1.92%;--awb-width-medium:100%;--awb-order-medium:0;--awb-spacing-right-medium:1.92%;--awb-spacing-left-medium:1.92%;--awb-width-small:100%;--awb-order-small:0;--awb-spacing-right-small:1.92%;--awb-spacing-left-small:1.92%;\"><div class=\"fusion-column-wrapper fusion-column-has-shadow fusion-flex-justify-content-flex-start fusion-content-layout-column\"><div class=\"fusion-text fusion-text-3\"><h2>D\u00e9couvrez notre histoire<\/h2>\n<\/div><div class=\"fusion-image-element \" style=\"text-align:center;--awb-caption-title-font-family:var(--h2_typography-font-family);--awb-caption-title-font-weight:var(--h2_typography-font-weight);--awb-caption-title-font-style:var(--h2_typography-font-style);--awb-caption-title-size:var(--h2_typography-font-size);--awb-caption-title-transform:var(--h2_typography-text-transform);--awb-caption-title-line-height:var(--h2_typography-line-height);--awb-caption-title-letter-spacing:var(--h2_typography-letter-spacing);\"><span class=\" fusion-imageframe imageframe-none imageframe-1 hover-type-none\"><a href=\"https:\/\/transpharma-international.com\/wp-content\/uploads\/2021\/10\/TIME-LINE-1.jpg\" class=\"fusion-lightbox\" data-rel=\"iLightbox[da5d0ee931b68a7bc83]\" data-title=\"TIME LINE\" title=\"TIME LINE\"><img decoding=\"async\" width=\"945\" height=\"1020\" src=\"https:\/\/transpharma-international.com\/wp-content\/uploads\/2021\/10\/TIME-LINE-1.jpg\" alt class=\"img-responsive wp-image-1216\" srcset=\"https:\/\/transpharma-international.com\/wp-content\/uploads\/2021\/10\/TIME-LINE-1-200x216.jpg 200w, https:\/\/transpharma-international.com\/wp-content\/uploads\/2021\/10\/TIME-LINE-1-400x432.jpg 400w, https:\/\/transpharma-international.com\/wp-content\/uploads\/2021\/10\/TIME-LINE-1-600x648.jpg 600w, https:\/\/transpharma-international.com\/wp-content\/uploads\/2021\/10\/TIME-LINE-1-800x863.jpg 800w, https:\/\/transpharma-international.com\/wp-content\/uploads\/2021\/10\/TIME-LINE-1.jpg 945w\" sizes=\"(max-width: 640px) 100vw, 945px\" \/><\/a><\/span><\/div><\/div><\/div><div class=\"fusion-layout-column fusion_builder_column fusion-builder-column-2 fusion_builder_column_1_1 1_1 fusion-flex-column\" style=\"--awb-bg-size:cover;--awb-width-large:100%;--awb-margin-top-large:0px;--awb-spacing-right-large:1.92%;--awb-margin-bottom-large:20px;--awb-spacing-left-large:1.92%;--awb-width-medium:100%;--awb-order-medium:0;--awb-spacing-right-medium:1.92%;--awb-spacing-left-medium:1.92%;--awb-width-small:100%;--awb-order-small:0;--awb-spacing-right-small:1.92%;--awb-spacing-left-small:1.92%;\"><div class=\"fusion-column-wrapper fusion-column-has-shadow fusion-flex-justify-content-flex-start fusion-content-layout-column\"><div class=\"fusion-text fusion-text-4\"><h2>Pourquoi choisir TransPharma International comme partenaire dans le domaine de la sant\u00e9\u00a0?<\/h2>\n<\/div><div class=\"fusion-separator fusion-full-width-sep sectionSeparator\" style=\"align-self: center;margin-left: auto;margin-right: auto;width:100%;\"><div class=\"fusion-separator-border sep-single sep-solid\" style=\"--awb-height:20px;--awb-amount:20px;border-color:#e2e2e2;border-top-width:1px;\"><\/div><\/div><div class=\"fusion-text fusion-text-5\"><ul>\n<li>70 ans d\u2019expertise<\/li>\n<li>\u00c9quipe interne europ\u00e9enne pour la gestion des douanes<\/li>\n<li>Service commerciaux \u00e0 valeur ajout\u00e9e<\/li>\n<li>\u00c9quipes form\u00e9es aux BPD<\/li>\n<li>Sp\u00e9cialiste des solutions pharmaceutiques et de sant\u00e9<\/li>\n<li>Solutions sur mesure pour r\u00e9pondre aux besoins particuliers des produits de sant\u00e9<\/li>\n<li>Soutien quotidien d\u2019un groupe d\u00e9di\u00e9 \u00e0 la supply-chain des produits de sant\u00e9<\/li>\n<\/ul>\n<\/div><\/div><\/div><\/div><\/div><\/div>\n","protected":false},"excerpt":{"rendered":"","protected":false},"author":1,"featured_media":0,"parent":0,"menu_order":0,"comment_status":"closed","ping_status":"closed","template":"","meta":{"footnotes":""},"class_list":["post-1663","page","type-page","status-publish","hentry"],"yoast_head":"<!-- This site is optimized with the Yoast SEO plugin v27.4 - https:\/\/yoast.com\/product\/yoast-seo-wordpress\/ -->\n<title>Qui sommes-nous &#8211; Transpharma International<\/title>\n<meta name=\"robots\" content=\"index, follow, max-snippet:-1, max-image-preview:large, max-video-preview:-1\" \/>\n<link rel=\"canonical\" href=\"https:\/\/transpharma-international.com\/fr\/qui-sommes-nous\/\" \/>\n<meta property=\"og:locale\" content=\"fr_FR\" \/>\n<meta property=\"og:type\" content=\"article\" \/>\n<meta property=\"og:title\" content=\"Qui sommes-nous &#8211; Transpharma International\" \/>\n<meta property=\"og:url\" content=\"https:\/\/transpharma-international.com\/fr\/qui-sommes-nous\/\" \/>\n<meta property=\"og:site_name\" content=\"Transpharma International\" \/>\n<meta property=\"article:modified_time\" content=\"2023-09-28T18:31:00+00:00\" \/>\n<meta name=\"twitter:card\" content=\"summary_large_image\" \/>\n<meta name=\"twitter:label1\" content=\"Dur\u00e9e de lecture estim\u00e9e\" \/>\n\t<meta name=\"twitter:data1\" content=\"4 minutes\" \/>\n<script type=\"application\/ld+json\" class=\"yoast-schema-graph\">{\"@context\":\"https:\\\/\\\/schema.org\",\"@graph\":[{\"@type\":\"WebPage\",\"@id\":\"https:\\\/\\\/transpharma-international.com\\\/fr\\\/qui-sommes-nous\\\/\",\"url\":\"https:\\\/\\\/transpharma-international.com\\\/fr\\\/qui-sommes-nous\\\/\",\"name\":\"Qui sommes-nous &#8211; Transpharma International\",\"isPartOf\":{\"@id\":\"https:\\\/\\\/transpharma-international.com\\\/#website\"},\"datePublished\":\"2021-06-07T19:58:01+00:00\",\"dateModified\":\"2023-09-28T18:31:00+00:00\",\"breadcrumb\":{\"@id\":\"https:\\\/\\\/transpharma-international.com\\\/fr\\\/qui-sommes-nous\\\/#breadcrumb\"},\"inLanguage\":\"fr-FR\",\"potentialAction\":[{\"@type\":\"ReadAction\",\"target\":[\"https:\\\/\\\/transpharma-international.com\\\/fr\\\/qui-sommes-nous\\\/\"]}]},{\"@type\":\"BreadcrumbList\",\"@id\":\"https:\\\/\\\/transpharma-international.com\\\/fr\\\/qui-sommes-nous\\\/#breadcrumb\",\"itemListElement\":[{\"@type\":\"ListItem\",\"position\":1,\"name\":\"Home\",\"item\":\"https:\\\/\\\/transpharma-international.com\\\/fr\\\/\"},{\"@type\":\"ListItem\",\"position\":2,\"name\":\"Qui sommes-nous\"}]},{\"@type\":\"WebSite\",\"@id\":\"https:\\\/\\\/transpharma-international.com\\\/#website\",\"url\":\"https:\\\/\\\/transpharma-international.com\\\/\",\"name\":\"Transpharma International\",\"description\":\"Healthcare Freight Solutions\",\"publisher\":{\"@id\":\"https:\\\/\\\/transpharma-international.com\\\/#organization\"},\"potentialAction\":[{\"@type\":\"SearchAction\",\"target\":{\"@type\":\"EntryPoint\",\"urlTemplate\":\"https:\\\/\\\/transpharma-international.com\\\/?s={search_term_string}\"},\"query-input\":{\"@type\":\"PropertyValueSpecification\",\"valueRequired\":true,\"valueName\":\"search_term_string\"}}],\"inLanguage\":\"fr-FR\"},{\"@type\":\"Organization\",\"@id\":\"https:\\\/\\\/transpharma-international.com\\\/#organization\",\"name\":\"Transpharma International\",\"url\":\"https:\\\/\\\/transpharma-international.com\\\/\",\"logo\":{\"@type\":\"ImageObject\",\"inLanguage\":\"fr-FR\",\"@id\":\"https:\\\/\\\/transpharma-international.com\\\/#\\\/schema\\\/logo\\\/image\\\/\",\"url\":\"https:\\\/\\\/transpharma-international.com\\\/wp-content\\\/uploads\\\/2021\\\/06\\\/TRANSPHARMAINTER_LOGO_squarex600.png\",\"contentUrl\":\"https:\\\/\\\/transpharma-international.com\\\/wp-content\\\/uploads\\\/2021\\\/06\\\/TRANSPHARMAINTER_LOGO_squarex600.png\",\"width\":600,\"height\":146,\"caption\":\"Transpharma International\"},\"image\":{\"@id\":\"https:\\\/\\\/transpharma-international.com\\\/#\\\/schema\\\/logo\\\/image\\\/\"},\"sameAs\":[\"https:\\\/\\\/www.linkedin.com\\\/company\\\/prima-transport\\\/\"]}]}<\/script>\n<!-- \/ Yoast SEO plugin. -->","yoast_head_json":{"title":"Qui sommes-nous &#8211; Transpharma International","robots":{"index":"index","follow":"follow","max-snippet":"max-snippet:-1","max-image-preview":"max-image-preview:large","max-video-preview":"max-video-preview:-1"},"canonical":"https:\/\/transpharma-international.com\/fr\/qui-sommes-nous\/","og_locale":"fr_FR","og_type":"article","og_title":"Qui sommes-nous &#8211; Transpharma International","og_url":"https:\/\/transpharma-international.com\/fr\/qui-sommes-nous\/","og_site_name":"Transpharma International","article_modified_time":"2023-09-28T18:31:00+00:00","twitter_card":"summary_large_image","twitter_misc":{"Dur\u00e9e de lecture estim\u00e9e":"4 minutes"},"schema":{"@context":"https:\/\/schema.org","@graph":[{"@type":"WebPage","@id":"https:\/\/transpharma-international.com\/fr\/qui-sommes-nous\/","url":"https:\/\/transpharma-international.com\/fr\/qui-sommes-nous\/","name":"Qui sommes-nous &#8211; Transpharma International","isPartOf":{"@id":"https:\/\/transpharma-international.com\/#website"},"datePublished":"2021-06-07T19:58:01+00:00","dateModified":"2023-09-28T18:31:00+00:00","breadcrumb":{"@id":"https:\/\/transpharma-international.com\/fr\/qui-sommes-nous\/#breadcrumb"},"inLanguage":"fr-FR","potentialAction":[{"@type":"ReadAction","target":["https:\/\/transpharma-international.com\/fr\/qui-sommes-nous\/"]}]},{"@type":"BreadcrumbList","@id":"https:\/\/transpharma-international.com\/fr\/qui-sommes-nous\/#breadcrumb","itemListElement":[{"@type":"ListItem","position":1,"name":"Home","item":"https:\/\/transpharma-international.com\/fr\/"},{"@type":"ListItem","position":2,"name":"Qui sommes-nous"}]},{"@type":"WebSite","@id":"https:\/\/transpharma-international.com\/#website","url":"https:\/\/transpharma-international.com\/","name":"Transpharma International","description":"Healthcare Freight Solutions","publisher":{"@id":"https:\/\/transpharma-international.com\/#organization"},"potentialAction":[{"@type":"SearchAction","target":{"@type":"EntryPoint","urlTemplate":"https:\/\/transpharma-international.com\/?s={search_term_string}"},"query-input":{"@type":"PropertyValueSpecification","valueRequired":true,"valueName":"search_term_string"}}],"inLanguage":"fr-FR"},{"@type":"Organization","@id":"https:\/\/transpharma-international.com\/#organization","name":"Transpharma International","url":"https:\/\/transpharma-international.com\/","logo":{"@type":"ImageObject","inLanguage":"fr-FR","@id":"https:\/\/transpharma-international.com\/#\/schema\/logo\/image\/","url":"https:\/\/transpharma-international.com\/wp-content\/uploads\/2021\/06\/TRANSPHARMAINTER_LOGO_squarex600.png","contentUrl":"https:\/\/transpharma-international.com\/wp-content\/uploads\/2021\/06\/TRANSPHARMAINTER_LOGO_squarex600.png","width":600,"height":146,"caption":"Transpharma International"},"image":{"@id":"https:\/\/transpharma-international.com\/#\/schema\/logo\/image\/"},"sameAs":["https:\/\/www.linkedin.com\/company\/prima-transport\/"]}]}},"_links":{"self":[{"href":"https:\/\/transpharma-international.com\/fr\/wp-json\/wp\/v2\/pages\/1663","targetHints":{"allow":["GET"]}}],"collection":[{"href":"https:\/\/transpharma-international.com\/fr\/wp-json\/wp\/v2\/pages"}],"about":[{"href":"https:\/\/transpharma-international.com\/fr\/wp-json\/wp\/v2\/types\/page"}],"author":[{"embeddable":true,"href":"https:\/\/transpharma-international.com\/fr\/wp-json\/wp\/v2\/users\/1"}],"replies":[{"embeddable":true,"href":"https:\/\/transpharma-international.com\/fr\/wp-json\/wp\/v2\/comments?post=1663"}],"version-history":[{"count":5,"href":"https:\/\/transpharma-international.com\/fr\/wp-json\/wp\/v2\/pages\/1663\/revisions"}],"predecessor-version":[{"id":1924,"href":"https:\/\/transpharma-international.com\/fr\/wp-json\/wp\/v2\/pages\/1663\/revisions\/1924"}],"wp:attachment":[{"href":"https:\/\/transpharma-international.com\/fr\/wp-json\/wp\/v2\/media?parent=1663"}],"curies":[{"name":"wp","href":"https:\/\/api.w.org\/{rel}","templated":true}]}}