{"id":1990,"date":"2023-07-19T17:11:18","date_gmt":"2023-07-19T15:11:18","guid":{"rendered":"https:\/\/transpharma-international.com\/company-information\/"},"modified":"2024-11-12T14:07:32","modified_gmt":"2024-11-12T13:07:32","slug":"informations-sur-la-societe","status":"publish","type":"page","link":"https:\/\/transpharma-international.com\/fr\/informations-sur-la-societe\/","title":{"rendered":"Informations sur la soci\u00e9t\u00e9"},"content":{"rendered":"<div class=\"fusion-fullwidth fullwidth-box fusion-builder-row-1 fusion-flex-container has-pattern-background has-mask-background nonhundred-percent-fullwidth non-hundred-percent-height-scrolling\" style=\"--awb-border-radius-top-left:0px;--awb-border-radius-top-right:0px;--awb-border-radius-bottom-right:0px;--awb-border-radius-bottom-left:0px;--awb-flex-wrap:wrap;\" ><div class=\"fusion-builder-row fusion-row fusion-flex-align-items-flex-start fusion-flex-content-wrap\" style=\"max-width:1248px;margin-left: calc(-4% \/ 2 );margin-right: calc(-4% \/ 2 );\"><div class=\"fusion-layout-column fusion_builder_column fusion-builder-column-0 fusion_builder_column_2_3 2_3 fusion-flex-column\" style=\"--awb-bg-size:cover;--awb-width-large:66.666666666667%;--awb-margin-top-large:0px;--awb-spacing-right-large:2.88%;--awb-margin-bottom-large:20px;--awb-spacing-left-large:2.88%;--awb-width-medium:66.666666666667%;--awb-order-medium:0;--awb-spacing-right-medium:2.88%;--awb-spacing-left-medium:2.88%;--awb-width-small:100%;--awb-order-small:0;--awb-spacing-right-small:1.92%;--awb-spacing-left-small:1.92%;\"><div class=\"fusion-column-wrapper fusion-column-has-shadow fusion-flex-justify-content-flex-start fusion-content-layout-column\"><div class=\"fusion-title title fusion-title-1 fusion-title-text fusion-title-size-one\"><div class=\"title-sep-container title-sep-container-left fusion-no-large-visibility fusion-no-medium-visibility fusion-no-small-visibility\"><div class=\"title-sep sep-double sep-solid\" style=\"border-color:#e2e2e2;\"><\/div><\/div><span class=\"awb-title-spacer fusion-no-large-visibility fusion-no-medium-visibility fusion-no-small-visibility\"><\/span><h1 class=\"fusion-title-heading title-heading-left fusion-responsive-typography-calculated\" style=\"margin:0;--fontSize:44;line-height:1.16;\"><h1>Informations sur la soci\u00e9t\u00e9<\/h1><\/h1><span class=\"awb-title-spacer\"><\/span><div class=\"title-sep-container title-sep-container-right\"><div class=\"title-sep sep-double sep-solid\" style=\"border-color:#e2e2e2;\"><\/div><\/div><\/div><div class=\"fusion-text fusion-text-1\"><p>Operator of the Website: Transpharma International Holding B.V.<br \/>\nAddress: Keltenweg 70, 5342LP, OSS, The Netherlands<br \/>\nPhone: will be available shortly<br \/>\nE-Mail: will be available shortly<br \/>\nWebsite:\u00a0<a href=\"http:\/\/www.transpharma-international.com\/\">www.transpharma-international.com<\/a><br \/>\nRepresented by: St\u00e9phane Baudry and Nicolas Richer<br \/>\nCommercial Register: The Netherlands<br \/>\nRegister Number: KvK 81023782 (RSIN 861894248)<br \/>\nVAT-ID: NL861894248B01<\/p>\n<\/div><div class=\"fusion-text fusion-text-2\"><h2 aria-label=\"Local representation: \"><span class=\"inner\">Local<\/span>\u00a0<span class=\"inner\">representation:<\/span><\/h2>\n<h3><strong>Belgium:<\/strong><\/h3>\n<p>Transpharma International<br \/>\nWaterkeringstraat 1<br \/>\n9320 Erembodegem<br \/>\nReg. &#8211; Nr.: 0765.495.888<br \/>\nVAT-ID: BE0765.495.888<\/p>\n<p>Ivemar<br \/>\nNijvelsesteenweg 729, bus 3<br \/>\n1500 Halle<br \/>\nReg. &#8211; Nr.: 0867.168.023<br \/>\nVAT-ID: BE 0867.168.023<\/p>\n<\/div><div class=\"fusion-text fusion-text-3\"><h3><strong>France:<\/strong><\/h3>\n<p>Transpharma International<br \/>\n37 rue Jules Verne<br \/>\n63100 Clermont-Ferrand<br \/>\nReg. \u2013 Nr.: 838 088 664<br \/>\nVAT-ID: FR08838088664<\/p>\n<p>Transpharma International Truck Solutions<br \/>\n37 rue Jules Verne<br \/>\n63100 Clermont-Ferrand<br \/>\nReg. &#8211; Nr.: 399 053 651<br \/>\nVAT-ID: FR60399053651<\/p>\n<\/div><div class=\"fusion-text fusion-text-4\"><h3><strong>Germany<\/strong><\/h3>\n<p>Transpharma International GmbH<br \/>\nIn der Vogelsbach 1,<br \/>\nD-66540 Neunkirchen<br \/>\ninfo@transpharma-international.com<br \/>\nTel.: +49 (0)6821 5016 120<br \/>\nUmsatzsteuer-ID: DE360626609<br \/>\nHandelsregister Saarbr\u00fccken, HRB 10 90 83<br \/>\nGesch\u00e4ftsf\u00fchrer: David Evans, St\u00e9phane Baudry<\/p>\n<\/div><div class=\"fusion-text fusion-text-5\"><h3><strong>Netherlands:<\/strong><\/h3>\n<p>Transpharma International B.V.<br \/>\nKeltenweg 70<br \/>\n5342LP Oss<br \/>\nReg. &#8211; Nr.\u00a0: KvK 81565364 (RSIN 862139740)<br \/>\nVAT-ID: NL862139740B01<\/p>\n<\/div><div class=\"fusion-text fusion-text-6\"><h3><strong>UK\u00a0<\/strong><\/h3>\n<p>Transpharma International Ltd<br \/>\nUnit 1 Bedford Link Logistics Park<br \/>\nBell Farm Way<br \/>\nKempston<br \/>\nBedford<br \/>\nMK43 9SS<br \/>\nA company registered in England &amp; Wales with registration number 03410560.<\/p>\n<\/div><\/div><\/div><div class=\"fusion-layout-column fusion_builder_column fusion-builder-column-1 fusion_builder_column_1_3 1_3 fusion-flex-column\" style=\"--awb-bg-size:cover;--awb-width-large:33.333333333333%;--awb-margin-top-large:0px;--awb-spacing-right-large:5.76%;--awb-margin-bottom-large:20px;--awb-spacing-left-large:5.76%;--awb-width-medium:33.333333333333%;--awb-order-medium:0;--awb-spacing-right-medium:5.76%;--awb-spacing-left-medium:5.76%;--awb-width-small:100%;--awb-order-small:0;--awb-spacing-right-small:1.92%;--awb-spacing-left-small:1.92%;\"><div class=\"fusion-column-wrapper fusion-column-has-shadow fusion-flex-justify-content-flex-start fusion-content-layout-column\"><\/div><\/div><\/div><\/div>\n","protected":false},"excerpt":{"rendered":"","protected":false},"author":2,"featured_media":1575,"parent":0,"menu_order":0,"comment_status":"closed","ping_status":"closed","template":"","meta":{"footnotes":""},"class_list":["post-1990","page","type-page","status-publish","has-post-thumbnail","hentry"],"yoast_head":"<!-- This site is optimized with the Yoast SEO plugin v27.4 - https:\/\/yoast.com\/product\/yoast-seo-wordpress\/ -->\n<title>Informations sur la soci\u00e9t\u00e9 &#8211; Transpharma International<\/title>\n<meta name=\"robots\" content=\"index, follow, max-snippet:-1, max-image-preview:large, max-video-preview:-1\" \/>\n<link rel=\"canonical\" href=\"https:\/\/transpharma-international.com\/fr\/informations-sur-la-societe\/\" \/>\n<meta property=\"og:locale\" content=\"fr_FR\" \/>\n<meta property=\"og:type\" content=\"article\" \/>\n<meta property=\"og:title\" content=\"Informations sur la soci\u00e9t\u00e9 &#8211; Transpharma International\" \/>\n<meta property=\"og:url\" content=\"https:\/\/transpharma-international.com\/fr\/informations-sur-la-societe\/\" \/>\n<meta property=\"og:site_name\" content=\"Transpharma International\" \/>\n<meta property=\"article:modified_time\" content=\"2024-11-12T13:07:32+00:00\" \/>\n<meta property=\"og:image\" content=\"https:\/\/transpharma-international.com\/wp-content\/uploads\/2021\/06\/camion-fileu_68A5938-cropped-1-scaled.jpg\" \/>\n\t<meta property=\"og:image:width\" content=\"2560\" \/>\n\t<meta property=\"og:image:height\" content=\"1018\" \/>\n\t<meta property=\"og:image:type\" content=\"image\/jpeg\" \/>\n<meta name=\"twitter:card\" content=\"summary_large_image\" \/>\n<meta name=\"twitter:label1\" content=\"Dur\u00e9e de lecture estim\u00e9e\" \/>\n\t<meta name=\"twitter:data1\" content=\"4 minutes\" \/>\n<script type=\"application\/ld+json\" class=\"yoast-schema-graph\">{\"@context\":\"https:\\\/\\\/schema.org\",\"@graph\":[{\"@type\":\"WebPage\",\"@id\":\"https:\\\/\\\/transpharma-international.com\\\/fr\\\/informations-sur-la-societe\\\/\",\"url\":\"https:\\\/\\\/transpharma-international.com\\\/fr\\\/informations-sur-la-societe\\\/\",\"name\":\"Informations sur la soci\u00e9t\u00e9 &#8211; Transpharma International\",\"isPartOf\":{\"@id\":\"https:\\\/\\\/transpharma-international.com\\\/#website\"},\"primaryImageOfPage\":{\"@id\":\"https:\\\/\\\/transpharma-international.com\\\/fr\\\/informations-sur-la-societe\\\/#primaryimage\"},\"image\":{\"@id\":\"https:\\\/\\\/transpharma-international.com\\\/fr\\\/informations-sur-la-societe\\\/#primaryimage\"},\"thumbnailUrl\":\"https:\\\/\\\/transpharma-international.com\\\/wp-content\\\/uploads\\\/2021\\\/06\\\/camion-fileu_68A5938-cropped-1-scaled.jpg\",\"datePublished\":\"2023-07-19T15:11:18+00:00\",\"dateModified\":\"2024-11-12T13:07:32+00:00\",\"breadcrumb\":{\"@id\":\"https:\\\/\\\/transpharma-international.com\\\/fr\\\/informations-sur-la-societe\\\/#breadcrumb\"},\"inLanguage\":\"fr-FR\",\"potentialAction\":[{\"@type\":\"ReadAction\",\"target\":[\"https:\\\/\\\/transpharma-international.com\\\/fr\\\/informations-sur-la-societe\\\/\"]}]},{\"@type\":\"ImageObject\",\"inLanguage\":\"fr-FR\",\"@id\":\"https:\\\/\\\/transpharma-international.com\\\/fr\\\/informations-sur-la-societe\\\/#primaryimage\",\"url\":\"https:\\\/\\\/transpharma-international.com\\\/wp-content\\\/uploads\\\/2021\\\/06\\\/camion-fileu_68A5938-cropped-1-scaled.jpg\",\"contentUrl\":\"https:\\\/\\\/transpharma-international.com\\\/wp-content\\\/uploads\\\/2021\\\/06\\\/camion-fileu_68A5938-cropped-1-scaled.jpg\",\"width\":2560,\"height\":1018},{\"@type\":\"BreadcrumbList\",\"@id\":\"https:\\\/\\\/transpharma-international.com\\\/fr\\\/informations-sur-la-societe\\\/#breadcrumb\",\"itemListElement\":[{\"@type\":\"ListItem\",\"position\":1,\"name\":\"Home\",\"item\":\"https:\\\/\\\/transpharma-international.com\\\/fr\\\/\"},{\"@type\":\"ListItem\",\"position\":2,\"name\":\"Informations sur la soci\u00e9t\u00e9\"}]},{\"@type\":\"WebSite\",\"@id\":\"https:\\\/\\\/transpharma-international.com\\\/#website\",\"url\":\"https:\\\/\\\/transpharma-international.com\\\/\",\"name\":\"Transpharma International\",\"description\":\"Healthcare Freight Solutions\",\"publisher\":{\"@id\":\"https:\\\/\\\/transpharma-international.com\\\/#organization\"},\"potentialAction\":[{\"@type\":\"SearchAction\",\"target\":{\"@type\":\"EntryPoint\",\"urlTemplate\":\"https:\\\/\\\/transpharma-international.com\\\/?s={search_term_string}\"},\"query-input\":{\"@type\":\"PropertyValueSpecification\",\"valueRequired\":true,\"valueName\":\"search_term_string\"}}],\"inLanguage\":\"fr-FR\"},{\"@type\":\"Organization\",\"@id\":\"https:\\\/\\\/transpharma-international.com\\\/#organization\",\"name\":\"Transpharma International\",\"url\":\"https:\\\/\\\/transpharma-international.com\\\/\",\"logo\":{\"@type\":\"ImageObject\",\"inLanguage\":\"fr-FR\",\"@id\":\"https:\\\/\\\/transpharma-international.com\\\/#\\\/schema\\\/logo\\\/image\\\/\",\"url\":\"https:\\\/\\\/transpharma-international.com\\\/wp-content\\\/uploads\\\/2021\\\/06\\\/TRANSPHARMAINTER_LOGO_squarex600.png\",\"contentUrl\":\"https:\\\/\\\/transpharma-international.com\\\/wp-content\\\/uploads\\\/2021\\\/06\\\/TRANSPHARMAINTER_LOGO_squarex600.png\",\"width\":600,\"height\":146,\"caption\":\"Transpharma International\"},\"image\":{\"@id\":\"https:\\\/\\\/transpharma-international.com\\\/#\\\/schema\\\/logo\\\/image\\\/\"},\"sameAs\":[\"https:\\\/\\\/www.linkedin.com\\\/company\\\/prima-transport\\\/\"]}]}<\/script>\n<!-- \/ Yoast SEO plugin. -->","yoast_head_json":{"title":"Informations sur la soci\u00e9t\u00e9 &#8211; Transpharma International","robots":{"index":"index","follow":"follow","max-snippet":"max-snippet:-1","max-image-preview":"max-image-preview:large","max-video-preview":"max-video-preview:-1"},"canonical":"https:\/\/transpharma-international.com\/fr\/informations-sur-la-societe\/","og_locale":"fr_FR","og_type":"article","og_title":"Informations sur la soci\u00e9t\u00e9 &#8211; Transpharma International","og_url":"https:\/\/transpharma-international.com\/fr\/informations-sur-la-societe\/","og_site_name":"Transpharma International","article_modified_time":"2024-11-12T13:07:32+00:00","og_image":[{"width":2560,"height":1018,"url":"https:\/\/transpharma-international.com\/wp-content\/uploads\/2021\/06\/camion-fileu_68A5938-cropped-1-scaled.jpg","type":"image\/jpeg"}],"twitter_card":"summary_large_image","twitter_misc":{"Dur\u00e9e de lecture estim\u00e9e":"4 minutes"},"schema":{"@context":"https:\/\/schema.org","@graph":[{"@type":"WebPage","@id":"https:\/\/transpharma-international.com\/fr\/informations-sur-la-societe\/","url":"https:\/\/transpharma-international.com\/fr\/informations-sur-la-societe\/","name":"Informations sur la soci\u00e9t\u00e9 &#8211; Transpharma International","isPartOf":{"@id":"https:\/\/transpharma-international.com\/#website"},"primaryImageOfPage":{"@id":"https:\/\/transpharma-international.com\/fr\/informations-sur-la-societe\/#primaryimage"},"image":{"@id":"https:\/\/transpharma-international.com\/fr\/informations-sur-la-societe\/#primaryimage"},"thumbnailUrl":"https:\/\/transpharma-international.com\/wp-content\/uploads\/2021\/06\/camion-fileu_68A5938-cropped-1-scaled.jpg","datePublished":"2023-07-19T15:11:18+00:00","dateModified":"2024-11-12T13:07:32+00:00","breadcrumb":{"@id":"https:\/\/transpharma-international.com\/fr\/informations-sur-la-societe\/#breadcrumb"},"inLanguage":"fr-FR","potentialAction":[{"@type":"ReadAction","target":["https:\/\/transpharma-international.com\/fr\/informations-sur-la-societe\/"]}]},{"@type":"ImageObject","inLanguage":"fr-FR","@id":"https:\/\/transpharma-international.com\/fr\/informations-sur-la-societe\/#primaryimage","url":"https:\/\/transpharma-international.com\/wp-content\/uploads\/2021\/06\/camion-fileu_68A5938-cropped-1-scaled.jpg","contentUrl":"https:\/\/transpharma-international.com\/wp-content\/uploads\/2021\/06\/camion-fileu_68A5938-cropped-1-scaled.jpg","width":2560,"height":1018},{"@type":"BreadcrumbList","@id":"https:\/\/transpharma-international.com\/fr\/informations-sur-la-societe\/#breadcrumb","itemListElement":[{"@type":"ListItem","position":1,"name":"Home","item":"https:\/\/transpharma-international.com\/fr\/"},{"@type":"ListItem","position":2,"name":"Informations sur la soci\u00e9t\u00e9"}]},{"@type":"WebSite","@id":"https:\/\/transpharma-international.com\/#website","url":"https:\/\/transpharma-international.com\/","name":"Transpharma International","description":"Healthcare Freight Solutions","publisher":{"@id":"https:\/\/transpharma-international.com\/#organization"},"potentialAction":[{"@type":"SearchAction","target":{"@type":"EntryPoint","urlTemplate":"https:\/\/transpharma-international.com\/?s={search_term_string}"},"query-input":{"@type":"PropertyValueSpecification","valueRequired":true,"valueName":"search_term_string"}}],"inLanguage":"fr-FR"},{"@type":"Organization","@id":"https:\/\/transpharma-international.com\/#organization","name":"Transpharma International","url":"https:\/\/transpharma-international.com\/","logo":{"@type":"ImageObject","inLanguage":"fr-FR","@id":"https:\/\/transpharma-international.com\/#\/schema\/logo\/image\/","url":"https:\/\/transpharma-international.com\/wp-content\/uploads\/2021\/06\/TRANSPHARMAINTER_LOGO_squarex600.png","contentUrl":"https:\/\/transpharma-international.com\/wp-content\/uploads\/2021\/06\/TRANSPHARMAINTER_LOGO_squarex600.png","width":600,"height":146,"caption":"Transpharma International"},"image":{"@id":"https:\/\/transpharma-international.com\/#\/schema\/logo\/image\/"},"sameAs":["https:\/\/www.linkedin.com\/company\/prima-transport\/"]}]}},"_links":{"self":[{"href":"https:\/\/transpharma-international.com\/fr\/wp-json\/wp\/v2\/pages\/1990","targetHints":{"allow":["GET"]}}],"collection":[{"href":"https:\/\/transpharma-international.com\/fr\/wp-json\/wp\/v2\/pages"}],"about":[{"href":"https:\/\/transpharma-international.com\/fr\/wp-json\/wp\/v2\/types\/page"}],"author":[{"embeddable":true,"href":"https:\/\/transpharma-international.com\/fr\/wp-json\/wp\/v2\/users\/2"}],"replies":[{"embeddable":true,"href":"https:\/\/transpharma-international.com\/fr\/wp-json\/wp\/v2\/comments?post=1990"}],"version-history":[{"count":5,"href":"https:\/\/transpharma-international.com\/fr\/wp-json\/wp\/v2\/pages\/1990\/revisions"}],"predecessor-version":[{"id":3192,"href":"https:\/\/transpharma-international.com\/fr\/wp-json\/wp\/v2\/pages\/1990\/revisions\/3192"}],"wp:featuredmedia":[{"embeddable":true,"href":"https:\/\/transpharma-international.com\/fr\/wp-json\/wp\/v2\/media\/1575"}],"wp:attachment":[{"href":"https:\/\/transpharma-international.com\/fr\/wp-json\/wp\/v2\/media?parent=1990"}],"curies":[{"name":"wp","href":"https:\/\/api.w.org\/{rel}","templated":true}]}}